{"id":836,"date":"2016-12-13T14:16:39","date_gmt":"2016-12-13T13:16:39","guid":{"rendered":"https:\/\/saintejeannedarc-lamarne.fr\/?page_id=836"},"modified":"2025-11-10T10:03:51","modified_gmt":"2025-11-10T09:03:51","slug":"qui-est-membre-de-logec","status":"publish","type":"page","link":"https:\/\/saintejeannedarc-lamarne.fr\/?page_id=836","title":{"rendered":"Qui est membre de l&#8217;OGEC"},"content":{"rendered":"<p>L\u2019OGEC est avant tout une association g\u00e9r\u00e9e par des membres b\u00e9n\u00e9voles. Ses membres ont un mandat de trois ans. Au terme de ce mandat, les membres, peuvent renouveler ou non celui-ci.<\/p>\n<p>Comme toute association, l\u2019OGEC est compos\u00e9e d\u2019un bureau comprenant une pr\u00e9sidence, une tr\u00e9sorerie, un secr\u00e9tariat et des membres actifs.<\/p>\n<p>&nbsp;<\/p>\n<p>Pour l\u2019OGEC de l\u2019\u00e9cole Sainte-Jeanne d\u2019Arc les membres sont&nbsp;:<\/p>\n<p>Pr\u00e9sident<\/p>\n<p><strong>Fran\u00e7ois BONTEMPS <\/strong>et son adjoint <strong>Kevin RELANDEAU<\/strong><\/p>\n<p>Tr\u00e9sori\u00e8re<\/p>\n<p><strong>Laureen RUCHAUD <\/strong>et son adjointe&nbsp;<strong>Marion BRUNETEAU<\/strong><\/p>\n<p>&nbsp;Secr\u00e9taire<\/p>\n<p><strong>Cindy BONFILS <\/strong>et son adjointe<strong> Jennifer LORIEAU<\/strong><\/p>\n<p>Membre actifs&nbsp;<\/p>\n<p><strong>Benjamin HOSSIN, <\/strong><strong>Kevin MORISSEAU, <\/strong><strong>Morgan LOUIS, <\/strong><strong>Lionel JEANEAU, Samuel GRONDIN<\/strong><\/p>\n<p>&nbsp;<\/p>\n<p>Nous avons \u00e9galement mis en place des commissions qui \u00e9tudient et r\u00e9pondent aux diff\u00e9rents besoins de l\u2019\u00e9cole :<\/p>\n<p>Commission achats<\/p>\n<ul>\n<li><strong>Benjamin HOSSIN<\/strong><\/li>\n<\/ul>\n<p>Commission travaux<\/p>\n<ul>\n<li><strong>Kevin RELANDEAU<\/strong><\/li>\n<li><strong>Kevin MORISSEAU<\/strong><\/li>\n<li><strong>Samuel GRONDIN<\/strong><\/li>\n<li><strong>Morgan LOUIS<\/strong><\/li>\n<li style=\"list-style-type: none;\">&nbsp;<\/li>\n<\/ul>\n<p>Commission communication<\/p>\n<ul>\n<li><strong>Lionel JEANEAU<\/strong><\/li>\n<li><strong>Jennifer LORIEAU<\/strong><\/li>\n<\/ul>\n<p>&nbsp;<\/p>\n","protected":false},"excerpt":{"rendered":"<p>L\u2019OGEC est avant tout une association g\u00e9r\u00e9e par des membres b\u00e9n\u00e9voles. Ses membres ont un mandat de trois ans. Au terme de ce mandat, les membres, peuvent renouveler ou non celui-ci. Comme toute association, l\u2019OGEC est compos\u00e9e d\u2019un bureau comprenant une pr\u00e9sidence, une tr\u00e9sorerie, un secr\u00e9tariat et des membres actifs. &nbsp; Pour l\u2019OGEC de l\u2019\u00e9cole<\/p>\n<p><a href=\"https:\/\/saintejeannedarc-lamarne.fr\/?page_id=836\" class=\"more-link themebutton\">Lire la suite<\/a><\/p>\n","protected":false},"author":2,"featured_media":0,"parent":0,"menu_order":0,"comment_status":"closed","ping_status":"closed","template":"","meta":{"ngg_post_thumbnail":0,"footnotes":""},"_links":{"self":[{"href":"https:\/\/saintejeannedarc-lamarne.fr\/index.php?rest_route=\/wp\/v2\/pages\/836"}],"collection":[{"href":"https:\/\/saintejeannedarc-lamarne.fr\/index.php?rest_route=\/wp\/v2\/pages"}],"about":[{"href":"https:\/\/saintejeannedarc-lamarne.fr\/index.php?rest_route=\/wp\/v2\/types\/page"}],"author":[{"embeddable":true,"href":"https:\/\/saintejeannedarc-lamarne.fr\/index.php?rest_route=\/wp\/v2\/users\/2"}],"replies":[{"embeddable":true,"href":"https:\/\/saintejeannedarc-lamarne.fr\/index.php?rest_route=%2Fwp%2Fv2%2Fcomments&post=836"}],"version-history":[{"count":14,"href":"https:\/\/saintejeannedarc-lamarne.fr\/index.php?rest_route=\/wp\/v2\/pages\/836\/revisions"}],"predecessor-version":[{"id":7656,"href":"https:\/\/saintejeannedarc-lamarne.fr\/index.php?rest_route=\/wp\/v2\/pages\/836\/revisions\/7656"}],"wp:attachment":[{"href":"https:\/\/saintejeannedarc-lamarne.fr\/index.php?rest_route=%2Fwp%2Fv2%2Fmedia&parent=836"}],"curies":[{"name":"wp","href":"https:\/\/api.w.org\/{rel}","templated":true}]}}