{"id":6789,"date":"2023-03-30T15:42:58","date_gmt":"2023-03-30T14:42:58","guid":{"rendered":"https:\/\/saintejeannedarc-lamarne.fr\/?page_id=6789"},"modified":"2023-03-30T15:54:52","modified_gmt":"2023-03-30T14:54:52","slug":"le-harcelement-a-lecole","status":"publish","type":"page","link":"https:\/\/saintejeannedarc-lamarne.fr\/?page_id=6789","title":{"rendered":"Le harc\u00e8lement \u00e0 l&#8217;\u00e9cole"},"content":{"rendered":"<p>Le harc\u00e8lement se d\u00e9finit comme une violence r\u00e9p\u00e9t\u00e9e qui peut \u00eatre verbale, physique ou psychologique. Cette violence se retrouve aussi au sein de l\u2019\u00e9cole : elle est le fait d\u2019un ou de plusieurs \u00e9l\u00e8ves \u00e0 l\u2019encontre d\u2019une victime qui ne peut se d\u00e9fendre. Lorsqu\u2019un enfant ou un adolescent est insult\u00e9, menac\u00e9, battu, bouscul\u00e9 ou re\u00e7oit des messages injurieux \u00e0 r\u00e9p\u00e9tition, on parle donc de harc\u00e8lement.<\/p>\n<p><strong>Vous \u00eates parents et vous pensez que votre enfant est victime de harc\u00e8lement \u00e0 l&#8217;\u00e9cole. Vous trouverez ci-dessous un document vous expliquant les d\u00e9marches que vous pouvez effectuer.<\/strong><\/p>\n<iframe src=\"\/\/docs.google.com\/viewer?url=https%3A%2F%2Fsaintejeannedarc-lamarne.fr%2Fwp-content%2Fuploads%2F2023%2F03%2FProtocole-suspicion-harcelement.pdf&hl=fr&embedded=true\" class=\"gde-frame\" style=\"width:100%; height:500px; border: none;\" scrolling=\"no\"><\/iframe>\n<p class=\"gde-text\"><a href=\"https:\/\/saintejeannedarc-lamarne.fr\/wp-content\/uploads\/2023\/03\/Protocole-suspicion-harcelement.pdf\" class=\"gde-link\">T\u00e9l\u00e9charger (PDF, 186KB)<\/a><\/p>\n","protected":false},"excerpt":{"rendered":"<p>Le harc\u00e8lement se d\u00e9finit comme une violence r\u00e9p\u00e9t\u00e9e qui peut \u00eatre verbale, physique ou psychologique. Cette violence se retrouve aussi au sein de l\u2019\u00e9cole : elle est le fait d\u2019un ou de plusieurs \u00e9l\u00e8ves \u00e0 l\u2019encontre d\u2019une victime qui ne peut se d\u00e9fendre. Lorsqu\u2019un enfant ou un adolescent est insult\u00e9, menac\u00e9, battu, bouscul\u00e9 ou re\u00e7oit<\/p>\n<p><a href=\"https:\/\/saintejeannedarc-lamarne.fr\/?page_id=6789\" class=\"more-link themebutton\">Lire la suite<\/a><\/p>\n","protected":false},"author":2,"featured_media":0,"parent":0,"menu_order":0,"comment_status":"closed","ping_status":"closed","template":"","meta":{"ngg_post_thumbnail":0,"footnotes":""},"_links":{"self":[{"href":"https:\/\/saintejeannedarc-lamarne.fr\/index.php?rest_route=\/wp\/v2\/pages\/6789"}],"collection":[{"href":"https:\/\/saintejeannedarc-lamarne.fr\/index.php?rest_route=\/wp\/v2\/pages"}],"about":[{"href":"https:\/\/saintejeannedarc-lamarne.fr\/index.php?rest_route=\/wp\/v2\/types\/page"}],"author":[{"embeddable":true,"href":"https:\/\/saintejeannedarc-lamarne.fr\/index.php?rest_route=\/wp\/v2\/users\/2"}],"replies":[{"embeddable":true,"href":"https:\/\/saintejeannedarc-lamarne.fr\/index.php?rest_route=%2Fwp%2Fv2%2Fcomments&post=6789"}],"version-history":[{"count":2,"href":"https:\/\/saintejeannedarc-lamarne.fr\/index.php?rest_route=\/wp\/v2\/pages\/6789\/revisions"}],"predecessor-version":[{"id":6793,"href":"https:\/\/saintejeannedarc-lamarne.fr\/index.php?rest_route=\/wp\/v2\/pages\/6789\/revisions\/6793"}],"wp:attachment":[{"href":"https:\/\/saintejeannedarc-lamarne.fr\/index.php?rest_route=%2Fwp%2Fv2%2Fmedia&parent=6789"}],"curies":[{"name":"wp","href":"https:\/\/api.w.org\/{rel}","templated":true}]}}