{"id":62,"date":"2015-09-29T17:17:59","date_gmt":"2015-09-29T16:17:59","guid":{"rendered":"https:\/\/saintejeannedarc-lamarne.fr\/?page_id=62"},"modified":"2015-12-15T22:44:42","modified_gmt":"2015-12-15T21:44:42","slug":"projet-pastoral","status":"publish","type":"page","link":"https:\/\/saintejeannedarc-lamarne.fr\/?page_id=62","title":{"rendered":"Projet pastoral"},"content":{"rendered":"<p>Notre \u00e9cole vise \u00e0 donner aux enfants les moyens de d\u00e9couvrir et de comprendre les faits religieux :<\/p>\n<ul>\n<li>Pr\u00e9sentation aux familles des moyens mis en place<\/li>\n<li>Suivre un parcours cat\u00e9ch\u00e9tique en lien\u00a0 avec la paroisse pour les enfants de cycle III (CE2, CM1, CM2)<\/li>\n<li>Mettre en place un parcours d&#8217;\u00e9veil \u00e0 la culture chr\u00e9tienne pour les \u00e9l\u00e8ves de cycle III<\/li>\n<li>S\u00e9ances d&#8217;\u00e9veil \u00e0 la foi pour les \u00e9l\u00e8ves de cycle I (PS, MS, GS) et cycle II (CP, CE1)<\/li>\n<li>Participation \u00e0 des actions de solidarit\u00e9 qui concourent \u00e0 l&#8217;\u00e9panouissement de la citoyennet\u00e9 de l&#8217;enfant dans le contexte de la fraternit\u00e9<\/li>\n<\/ul>\n<p style=\"text-align: center;\"><a href=\"https:\/\/saintejeannedarc-lamarne.fr\/wp-content\/uploads\/2015\/09\/projet-pastoral-cadre.png\" rel=\"attachment wp-att-245\"><img loading=\"lazy\" decoding=\"async\" class=\"alignnone size-full wp-image-245\" src=\"https:\/\/saintejeannedarc-lamarne.fr\/wp-content\/uploads\/2015\/09\/projet-pastoral-cadre.png\" alt=\"projet-pastoral-cadre\" width=\"218\" height=\"235\" \/><\/a><\/p>\n","protected":false},"excerpt":{"rendered":"<p>Notre \u00e9cole vise \u00e0 donner aux enfants les moyens de d\u00e9couvrir et de comprendre les faits religieux : Pr\u00e9sentation aux familles des moyens mis en place Suivre un parcours cat\u00e9ch\u00e9tique en lien\u00a0 avec la paroisse pour les enfants de cycle III (CE2, CM1, CM2) Mettre en place un parcours d&#8217;\u00e9veil \u00e0 la culture chr\u00e9tienne pour<\/p>\n<p><a href=\"https:\/\/saintejeannedarc-lamarne.fr\/?page_id=62\" class=\"more-link themebutton\">Lire la suite<\/a><\/p>\n","protected":false},"author":2,"featured_media":0,"parent":0,"menu_order":0,"comment_status":"closed","ping_status":"closed","template":"","meta":{"ngg_post_thumbnail":0,"footnotes":""},"_links":{"self":[{"href":"https:\/\/saintejeannedarc-lamarne.fr\/index.php?rest_route=\/wp\/v2\/pages\/62"}],"collection":[{"href":"https:\/\/saintejeannedarc-lamarne.fr\/index.php?rest_route=\/wp\/v2\/pages"}],"about":[{"href":"https:\/\/saintejeannedarc-lamarne.fr\/index.php?rest_route=\/wp\/v2\/types\/page"}],"author":[{"embeddable":true,"href":"https:\/\/saintejeannedarc-lamarne.fr\/index.php?rest_route=\/wp\/v2\/users\/2"}],"replies":[{"embeddable":true,"href":"https:\/\/saintejeannedarc-lamarne.fr\/index.php?rest_route=%2Fwp%2Fv2%2Fcomments&post=62"}],"version-history":[{"count":3,"href":"https:\/\/saintejeannedarc-lamarne.fr\/index.php?rest_route=\/wp\/v2\/pages\/62\/revisions"}],"predecessor-version":[{"id":246,"href":"https:\/\/saintejeannedarc-lamarne.fr\/index.php?rest_route=\/wp\/v2\/pages\/62\/revisions\/246"}],"wp:attachment":[{"href":"https:\/\/saintejeannedarc-lamarne.fr\/index.php?rest_route=%2Fwp%2Fv2%2Fmedia&parent=62"}],"curies":[{"name":"wp","href":"https:\/\/api.w.org\/{rel}","templated":true}]}}