{"id":59,"date":"2015-09-29T17:17:44","date_gmt":"2015-09-29T16:17:44","guid":{"rendered":"https:\/\/saintejeannedarc-lamarne.fr\/?page_id=59"},"modified":"2015-12-15T22:33:26","modified_gmt":"2015-12-15T21:33:26","slug":"projet-decole","status":"publish","type":"page","link":"https:\/\/saintejeannedarc-lamarne.fr\/?page_id=59","title":{"rendered":"Projet d&#8217;\u00e9cole"},"content":{"rendered":"<p>Notre projet \u00e9ducatif :<\/p>\n<p style=\"text-align: center;\"><strong>1 &#8211; Accueillir<a href=\"https:\/\/saintejeannedarc-lamarne.fr\/wp-content\/uploads\/2015\/09\/accueil.jpg\" rel=\"attachment wp-att-242\"><img loading=\"lazy\" decoding=\"async\" class=\"size-medium wp-image-242 alignright\" src=\"https:\/\/saintejeannedarc-lamarne.fr\/wp-content\/uploads\/2015\/09\/accueil-300x192.jpg\" alt=\"accueil\" width=\"300\" height=\"192\" \/><\/a><\/strong><\/p>\n<p>Notre \u00e9cole vise \u00e0 favoriser un accueil personnalis\u00e9 :<\/p>\n<ul>\n<li>Deux enseignants sont pr\u00e9sents tous les matins au portail<\/li>\n<li>Les enseignantes de maternelle et les ASEM accueillent les \u00e9l\u00e8ves dans les classes<\/li>\n<li>Entretien propos\u00e9 aux familles au moins une fois par an<\/li>\n<li>Disponibilit\u00e9 des enseignants pour les rendez-vous<\/li>\n<\/ul>\n<p style=\"text-align: center;\"><strong>2 &#8211; Une attention humaine et professionnelle pour tous<\/strong><\/p>\n<p style=\"text-align: left;\">Notre \u00e9cole vise \u00e0 porter attention \u00e0 l&#8217;enfant dans sa globalit\u00e9 et dans la confiance :<\/p>\n<ul>\n<li style=\"text-align: left;\">rencontre personnalis\u00e9e avec toute nouvelle famille<\/li>\n<li style=\"text-align: left;\">dialogue r\u00e9gulier avec les familles par rapport \u00e0 leur enfant dans le respect des pr\u00e9rogatives de chacun<\/li>\n<li style=\"text-align: left;\">dialogue r\u00e9gulier entre enseignants sur les \u00e9l\u00e8ves (conseil des ma\u00eetres)<\/li>\n<li style=\"text-align: left;\">dispositions prises selon les besoins des \u00e9l\u00e8ves : mise en place d&#8217;aide personnalis\u00e9e, d&#8217;accompagnement sp\u00e9cifique, de projet d&#8217;apprentissage personnalis\u00e9, d&#8217;adaptations p\u00e9dagogiques, &#8230;<\/li>\n<\/ul>\n<p style=\"text-align: center;\"><strong>3 &#8211; Vivre ensemble<\/strong><\/p>\n<p style=\"text-align: left;\">Notre \u00e9cole vise \u00e0 rendre l&#8217;enfant capable de rentrer en relation avec l&#8217;autre, semblable et diff\u00e9rent.<\/p>\n","protected":false},"excerpt":{"rendered":"<p>Notre projet \u00e9ducatif : 1 &#8211; Accueillir Notre \u00e9cole vise \u00e0 favoriser un accueil personnalis\u00e9 : Deux enseignants sont pr\u00e9sents tous les matins au portail Les enseignantes de maternelle et les ASEM accueillent les \u00e9l\u00e8ves dans les classes Entretien propos\u00e9 aux familles au moins une fois par an Disponibilit\u00e9 des enseignants pour les rendez-vous 2<\/p>\n<p><a href=\"https:\/\/saintejeannedarc-lamarne.fr\/?page_id=59\" class=\"more-link themebutton\">Lire la suite<\/a><\/p>\n","protected":false},"author":2,"featured_media":0,"parent":0,"menu_order":0,"comment_status":"closed","ping_status":"closed","template":"","meta":{"ngg_post_thumbnail":0,"footnotes":""},"_links":{"self":[{"href":"https:\/\/saintejeannedarc-lamarne.fr\/index.php?rest_route=\/wp\/v2\/pages\/59"}],"collection":[{"href":"https:\/\/saintejeannedarc-lamarne.fr\/index.php?rest_route=\/wp\/v2\/pages"}],"about":[{"href":"https:\/\/saintejeannedarc-lamarne.fr\/index.php?rest_route=\/wp\/v2\/types\/page"}],"author":[{"embeddable":true,"href":"https:\/\/saintejeannedarc-lamarne.fr\/index.php?rest_route=\/wp\/v2\/users\/2"}],"replies":[{"embeddable":true,"href":"https:\/\/saintejeannedarc-lamarne.fr\/index.php?rest_route=%2Fwp%2Fv2%2Fcomments&post=59"}],"version-history":[{"count":3,"href":"https:\/\/saintejeannedarc-lamarne.fr\/index.php?rest_route=\/wp\/v2\/pages\/59\/revisions"}],"predecessor-version":[{"id":241,"href":"https:\/\/saintejeannedarc-lamarne.fr\/index.php?rest_route=\/wp\/v2\/pages\/59\/revisions\/241"}],"wp:attachment":[{"href":"https:\/\/saintejeannedarc-lamarne.fr\/index.php?rest_route=%2Fwp%2Fv2%2Fmedia&parent=59"}],"curies":[{"name":"wp","href":"https:\/\/api.w.org\/{rel}","templated":true}]}}