{"id":5060,"date":"2021-10-19T15:54:17","date_gmt":"2021-10-19T14:54:17","guid":{"rendered":"https:\/\/saintejeannedarc-lamarne.fr\/?page_id=5060"},"modified":"2026-01-28T23:21:11","modified_gmt":"2026-01-28T22:21:11","slug":"inscription-rentree-scolaire-septembre-2022","status":"publish","type":"page","link":"https:\/\/saintejeannedarc-lamarne.fr\/?page_id=5060","title":{"rendered":"Inscription rentr\u00e9e scolaire septembre 2026"},"content":{"rendered":"<p>Si vous souhaitez inscrire votre enfant dans notre \u00e9tablissement ou simplement avoir des informations, vous pouvez ,d\u00e8s le mois de novembre,&nbsp; prendre contact avec la cheffe d&#8217;\u00e9tablissement, Katia Lusseau par mail :<\/p>\n<p><span style=\"color: #0000ff;\">ec.marne.ste-jeanne-arc@ec44.fr<\/span><\/p>\n<p>ou par t\u00e9l\u00e9phone:<\/p>\n<p>au<span style=\"color: #ff0000;\"> 02 40 26 21 50<\/span> (de pr\u00e9f\u00e9rence le vendredi ou le soir \u00e0 partir de 17h apr\u00e8s la classe)<\/p>\n<p>Merci par avance de pr\u00e9ciser dans votre message : les nom, pr\u00e9nom et date de naissance de votre enfant ainsi qu&#8217;un num\u00e9ro de t\u00e9l\u00e9phone pour vous joindre.<\/p>\n<p>Suite \u00e0 votre contact, nous vous proposerons une visite de l&#8217;\u00e9tablissement ainsi qu&#8217;une pr\u00e9sentation de nos diff\u00e9rents projets.<\/p>\n<p><a href=\"https:\/\/saintejeannedarc-lamarne.fr\/wp-content\/uploads\/2021\/01\/IMG_1366.jpg\"><img loading=\"lazy\" decoding=\"async\" class=\"alignnone size-medium wp-image-4507\" src=\"https:\/\/saintejeannedarc-lamarne.fr\/wp-content\/uploads\/2021\/01\/IMG_1366-300x225.jpg\" alt=\"\" width=\"300\" height=\"225\" srcset=\"https:\/\/saintejeannedarc-lamarne.fr\/wp-content\/uploads\/2021\/01\/IMG_1366-300x225.jpg 300w, https:\/\/saintejeannedarc-lamarne.fr\/wp-content\/uploads\/2021\/01\/IMG_1366-1024x768.jpg 1024w, https:\/\/saintejeannedarc-lamarne.fr\/wp-content\/uploads\/2021\/01\/IMG_1366-768x576.jpg 768w, https:\/\/saintejeannedarc-lamarne.fr\/wp-content\/uploads\/2021\/01\/IMG_1366-1536x1152.jpg 1536w, https:\/\/saintejeannedarc-lamarne.fr\/wp-content\/uploads\/2021\/01\/IMG_1366.jpg 1920w\" sizes=\"(max-width: 300px) 100vw, 300px\" \/><\/a><a href=\"https:\/\/saintejeannedarc-lamarne.fr\/wp-content\/uploads\/2021\/01\/20210115_094442.jpg\"><img loading=\"lazy\" decoding=\"async\" class=\"alignnone size-medium wp-image-4537\" src=\"https:\/\/saintejeannedarc-lamarne.fr\/wp-content\/uploads\/2021\/01\/20210115_094442-225x300.jpg\" alt=\"\" width=\"225\" height=\"300\" srcset=\"https:\/\/saintejeannedarc-lamarne.fr\/wp-content\/uploads\/2021\/01\/20210115_094442-225x300.jpg 225w, https:\/\/saintejeannedarc-lamarne.fr\/wp-content\/uploads\/2021\/01\/20210115_094442-768x1024.jpg 768w, https:\/\/saintejeannedarc-lamarne.fr\/wp-content\/uploads\/2021\/01\/20210115_094442-1152x1536.jpg 1152w, https:\/\/saintejeannedarc-lamarne.fr\/wp-content\/uploads\/2021\/01\/20210115_094442.jpg 1440w\" sizes=\"(max-width: 225px) 100vw, 225px\" \/><\/a><a href=\"https:\/\/saintejeannedarc-lamarne.fr\/wp-content\/uploads\/2021\/02\/20210215_160842.jpg\"><img loading=\"lazy\" decoding=\"async\" class=\"alignnone size-medium wp-image-4645\" src=\"https:\/\/saintejeannedarc-lamarne.fr\/wp-content\/uploads\/2021\/02\/20210215_160842-225x300.jpg\" alt=\"\" width=\"225\" height=\"300\" srcset=\"https:\/\/saintejeannedarc-lamarne.fr\/wp-content\/uploads\/2021\/02\/20210215_160842-225x300.jpg 225w, https:\/\/saintejeannedarc-lamarne.fr\/wp-content\/uploads\/2021\/02\/20210215_160842-768x1024.jpg 768w, https:\/\/saintejeannedarc-lamarne.fr\/wp-content\/uploads\/2021\/02\/20210215_160842-1152x1536.jpg 1152w, https:\/\/saintejeannedarc-lamarne.fr\/wp-content\/uploads\/2021\/02\/20210215_160842.jpg 1440w\" sizes=\"(max-width: 225px) 100vw, 225px\" \/><\/a><a href=\"https:\/\/saintejeannedarc-lamarne.fr\/wp-content\/uploads\/2021\/03\/IMG_20210322_160756_2CS.jpg\"><img loading=\"lazy\" decoding=\"async\" class=\"alignnone size-medium wp-image-4743\" src=\"https:\/\/saintejeannedarc-lamarne.fr\/wp-content\/uploads\/2021\/03\/IMG_20210322_160756_2CS-225x300.jpg\" alt=\"\" width=\"225\" height=\"300\" srcset=\"https:\/\/saintejeannedarc-lamarne.fr\/wp-content\/uploads\/2021\/03\/IMG_20210322_160756_2CS-225x300.jpg 225w, https:\/\/saintejeannedarc-lamarne.fr\/wp-content\/uploads\/2021\/03\/IMG_20210322_160756_2CS-768x1024.jpg 768w, https:\/\/saintejeannedarc-lamarne.fr\/wp-content\/uploads\/2021\/03\/IMG_20210322_160756_2CS-1152x1536.jpg 1152w, https:\/\/saintejeannedarc-lamarne.fr\/wp-content\/uploads\/2021\/03\/IMG_20210322_160756_2CS.jpg 1440w\" sizes=\"(max-width: 225px) 100vw, 225px\" \/><\/a><a href=\"https:\/\/saintejeannedarc-lamarne.fr\/wp-content\/uploads\/2021\/06\/IMG_20210611_101852.jpg\"><img loading=\"lazy\" decoding=\"async\" class=\"alignnone size-medium wp-image-4866\" src=\"https:\/\/saintejeannedarc-lamarne.fr\/wp-content\/uploads\/2021\/06\/IMG_20210611_101852-225x300.jpg\" alt=\"\" width=\"225\" height=\"300\" srcset=\"https:\/\/saintejeannedarc-lamarne.fr\/wp-content\/uploads\/2021\/06\/IMG_20210611_101852-225x300.jpg 225w, https:\/\/saintejeannedarc-lamarne.fr\/wp-content\/uploads\/2021\/06\/IMG_20210611_101852-768x1024.jpg 768w, https:\/\/saintejeannedarc-lamarne.fr\/wp-content\/uploads\/2021\/06\/IMG_20210611_101852-1152x1536.jpg 1152w, https:\/\/saintejeannedarc-lamarne.fr\/wp-content\/uploads\/2021\/06\/IMG_20210611_101852.jpg 1440w\" sizes=\"(max-width: 225px) 100vw, 225px\" \/><\/a><a href=\"https:\/\/saintejeannedarc-lamarne.fr\/wp-content\/uploads\/2021\/06\/scie-7.jpg\"><img loading=\"lazy\" decoding=\"async\" class=\"alignnone size-medium wp-image-4845\" src=\"https:\/\/saintejeannedarc-lamarne.fr\/wp-content\/uploads\/2021\/06\/scie-7-225x300.jpg\" alt=\"\" width=\"225\" height=\"300\" srcset=\"https:\/\/saintejeannedarc-lamarne.fr\/wp-content\/uploads\/2021\/06\/scie-7-225x300.jpg 225w, https:\/\/saintejeannedarc-lamarne.fr\/wp-content\/uploads\/2021\/06\/scie-7-768x1024.jpg 768w, https:\/\/saintejeannedarc-lamarne.fr\/wp-content\/uploads\/2021\/06\/scie-7-1152x1536.jpg 1152w, https:\/\/saintejeannedarc-lamarne.fr\/wp-content\/uploads\/2021\/06\/scie-7.jpg 1440w\" sizes=\"(max-width: 225px) 100vw, 225px\" \/><\/a><a href=\"https:\/\/saintejeannedarc-lamarne.fr\/wp-content\/uploads\/2020\/03\/IMG-20200130-WA0037.jpg\"><img loading=\"lazy\" decoding=\"async\" class=\"alignnone size-medium wp-image-2927\" src=\"https:\/\/saintejeannedarc-lamarne.fr\/wp-content\/uploads\/2020\/03\/IMG-20200130-WA0037-300x225.jpg\" alt=\"\" width=\"300\" height=\"225\" srcset=\"https:\/\/saintejeannedarc-lamarne.fr\/wp-content\/uploads\/2020\/03\/IMG-20200130-WA0037-300x225.jpg 300w, https:\/\/saintejeannedarc-lamarne.fr\/wp-content\/uploads\/2020\/03\/IMG-20200130-WA0037-768x576.jpg 768w, https:\/\/saintejeannedarc-lamarne.fr\/wp-content\/uploads\/2020\/03\/IMG-20200130-WA0037.jpg 1024w\" sizes=\"(max-width: 300px) 100vw, 300px\" \/><img loading=\"lazy\" decoding=\"async\" class=\"alignnone size-medium wp-image-6835\" src=\"https:\/\/saintejeannedarc-lamarne.fr\/wp-content\/uploads\/2023\/04\/IMG-20230326-WA0018-300x225.jpg\" alt=\"\" width=\"300\" height=\"225\" srcset=\"https:\/\/saintejeannedarc-lamarne.fr\/wp-content\/uploads\/2023\/04\/IMG-20230326-WA0018-300x225.jpg 300w, https:\/\/saintejeannedarc-lamarne.fr\/wp-content\/uploads\/2023\/04\/IMG-20230326-WA0018-1024x766.jpg 1024w, https:\/\/saintejeannedarc-lamarne.fr\/wp-content\/uploads\/2023\/04\/IMG-20230326-WA0018-768x575.jpg 768w, https:\/\/saintejeannedarc-lamarne.fr\/wp-content\/uploads\/2023\/04\/IMG-20230326-WA0018-1536x1150.jpg 1536w, https:\/\/saintejeannedarc-lamarne.fr\/wp-content\/uploads\/2023\/04\/IMG-20230326-WA0018.jpg 2047w\" sizes=\"(max-width: 300px) 100vw, 300px\" \/><\/a><\/p>\n","protected":false},"excerpt":{"rendered":"<p>Si vous souhaitez inscrire votre enfant dans notre \u00e9tablissement ou simplement avoir des informations, vous pouvez ,d\u00e8s le mois de novembre,&nbsp; prendre contact avec la cheffe d&#8217;\u00e9tablissement, Katia Lusseau par mail : ec.marne.ste-jeanne-arc@ec44.fr ou par t\u00e9l\u00e9phone: au 02 40 26 21 50 (de pr\u00e9f\u00e9rence le vendredi ou le soir \u00e0 partir de 17h apr\u00e8s la<\/p>\n<p><a href=\"https:\/\/saintejeannedarc-lamarne.fr\/?page_id=5060\" class=\"more-link themebutton\">Lire la suite<\/a><\/p>\n","protected":false},"author":2,"featured_media":0,"parent":0,"menu_order":0,"comment_status":"closed","ping_status":"closed","template":"","meta":{"ngg_post_thumbnail":0,"footnotes":""},"_links":{"self":[{"href":"https:\/\/saintejeannedarc-lamarne.fr\/index.php?rest_route=\/wp\/v2\/pages\/5060"}],"collection":[{"href":"https:\/\/saintejeannedarc-lamarne.fr\/index.php?rest_route=\/wp\/v2\/pages"}],"about":[{"href":"https:\/\/saintejeannedarc-lamarne.fr\/index.php?rest_route=\/wp\/v2\/types\/page"}],"author":[{"embeddable":true,"href":"https:\/\/saintejeannedarc-lamarne.fr\/index.php?rest_route=\/wp\/v2\/users\/2"}],"replies":[{"embeddable":true,"href":"https:\/\/saintejeannedarc-lamarne.fr\/index.php?rest_route=%2Fwp%2Fv2%2Fcomments&post=5060"}],"version-history":[{"count":13,"href":"https:\/\/saintejeannedarc-lamarne.fr\/index.php?rest_route=\/wp\/v2\/pages\/5060\/revisions"}],"predecessor-version":[{"id":7679,"href":"https:\/\/saintejeannedarc-lamarne.fr\/index.php?rest_route=\/wp\/v2\/pages\/5060\/revisions\/7679"}],"wp:attachment":[{"href":"https:\/\/saintejeannedarc-lamarne.fr\/index.php?rest_route=%2Fwp%2Fv2%2Fmedia&parent=5060"}],"curies":[{"name":"wp","href":"https:\/\/api.w.org\/{rel}","templated":true}]}}