{"id":5052,"date":"2021-10-16T10:58:35","date_gmt":"2021-10-16T09:58:35","guid":{"rendered":"https:\/\/saintejeannedarc-lamarne.fr\/?page_id=5052"},"modified":"2021-10-16T10:58:35","modified_gmt":"2021-10-16T09:58:35","slug":"election-conseil-municipal-pour-enfant","status":"publish","type":"page","link":"https:\/\/saintejeannedarc-lamarne.fr\/?page_id=5052","title":{"rendered":"\u00c9lection conseil municipal pour enfant"},"content":{"rendered":"<p>Apr\u00e8s plus de 15 jours de campagne \u00e9lectorale de 21 \u00e9l\u00e8ves de CM1 et CM2, candidats pour le futur conseil municipal pour enfants de la Marne, le vote a eu lieu le <strong>vendredi 15 octobre 2021<\/strong> dans l&#8217;\u00e9cole. Tous les \u00e9l\u00e8ves de CE1, CE2, CM1 et CM2 se sont donc rendus, munis de leur carte d&#8217;\u00e9lecteur, dans le modulaire blanc am\u00e9nag\u00e9 pour l&#8217;occasion. Les \u00e9l\u00e8ves ont ainsi pu accomplir leur premier acte de citoyen. Plong\u00e9s dans les v\u00e9ritables conditions d&#8217;une \u00e9lection, ils ont chacun pris pr\u00e9cieusement leurs bulletins de vote, leur enveloppe, et apr\u00e8s le passage par l&#8217;isoloir ils ont pu acc\u00e9der \u00e0 l&#8217;urne!!!! Chacun \u00e9tait fier d&#8217;apposer sa signature sur les listes d&#8217;\u00e9margement!!!!<\/p>\n<p>Apr\u00e8s le d\u00e9pouillement des bulletins de vote, les conseillers municipaux, accompagn\u00e9s de M. Bruneteau, maire de la Marne, ont annonc\u00e9 les r\u00e9sultats. 12 \u00e9l\u00e8ves de CM1 et CM2 ont \u00e9t\u00e9 \u00e9lus conseillers municipaux pour enfants! Bravo \u00e0 eux et \u00e0 tous ceux qui se sont investis dans ce projet.<\/p>\n<p><a href=\"https:\/\/saintejeannedarc-lamarne.fr\/wp-content\/uploads\/2021\/10\/20211015_161948.jpg\"><img loading=\"lazy\" decoding=\"async\" class=\"alignnone size-medium wp-image-5024\" src=\"https:\/\/saintejeannedarc-lamarne.fr\/wp-content\/uploads\/2021\/10\/20211015_161948-225x300.jpg\" alt=\"\" width=\"225\" height=\"300\" srcset=\"https:\/\/saintejeannedarc-lamarne.fr\/wp-content\/uploads\/2021\/10\/20211015_161948-225x300.jpg 225w, https:\/\/saintejeannedarc-lamarne.fr\/wp-content\/uploads\/2021\/10\/20211015_161948-768x1024.jpg 768w, https:\/\/saintejeannedarc-lamarne.fr\/wp-content\/uploads\/2021\/10\/20211015_161948-1152x1536.jpg 1152w, https:\/\/saintejeannedarc-lamarne.fr\/wp-content\/uploads\/2021\/10\/20211015_161948.jpg 1440w\" sizes=\"(max-width: 225px) 100vw, 225px\" \/> <\/a><a href=\"https:\/\/saintejeannedarc-lamarne.fr\/wp-content\/uploads\/2021\/10\/20211015_161502.jpg\"><img loading=\"lazy\" decoding=\"async\" class=\"alignnone size-medium wp-image-5028\" src=\"https:\/\/saintejeannedarc-lamarne.fr\/wp-content\/uploads\/2021\/10\/20211015_161502-225x300.jpg\" alt=\"\" width=\"225\" height=\"300\" srcset=\"https:\/\/saintejeannedarc-lamarne.fr\/wp-content\/uploads\/2021\/10\/20211015_161502-225x300.jpg 225w, https:\/\/saintejeannedarc-lamarne.fr\/wp-content\/uploads\/2021\/10\/20211015_161502-768x1024.jpg 768w, https:\/\/saintejeannedarc-lamarne.fr\/wp-content\/uploads\/2021\/10\/20211015_161502-1152x1536.jpg 1152w, https:\/\/saintejeannedarc-lamarne.fr\/wp-content\/uploads\/2021\/10\/20211015_161502.jpg 1440w\" sizes=\"(max-width: 225px) 100vw, 225px\" \/><\/a><a href=\"https:\/\/saintejeannedarc-lamarne.fr\/wp-content\/uploads\/2021\/10\/20211015_161449.jpg\"><img loading=\"lazy\" decoding=\"async\" class=\"alignnone size-medium wp-image-5029\" src=\"https:\/\/saintejeannedarc-lamarne.fr\/wp-content\/uploads\/2021\/10\/20211015_161449-225x300.jpg\" alt=\"\" width=\"225\" height=\"300\" srcset=\"https:\/\/saintejeannedarc-lamarne.fr\/wp-content\/uploads\/2021\/10\/20211015_161449-225x300.jpg 225w, https:\/\/saintejeannedarc-lamarne.fr\/wp-content\/uploads\/2021\/10\/20211015_161449-768x1024.jpg 768w, https:\/\/saintejeannedarc-lamarne.fr\/wp-content\/uploads\/2021\/10\/20211015_161449-1152x1536.jpg 1152w, https:\/\/saintejeannedarc-lamarne.fr\/wp-content\/uploads\/2021\/10\/20211015_161449.jpg 1440w\" sizes=\"(max-width: 225px) 100vw, 225px\" \/><\/a><a href=\"https:\/\/saintejeannedarc-lamarne.fr\/wp-content\/uploads\/2021\/10\/20211015_160819.jpg\"><img loading=\"lazy\" decoding=\"async\" class=\"alignnone size-medium wp-image-5036\" src=\"https:\/\/saintejeannedarc-lamarne.fr\/wp-content\/uploads\/2021\/10\/20211015_160819-225x300.jpg\" alt=\"\" width=\"225\" height=\"300\" srcset=\"https:\/\/saintejeannedarc-lamarne.fr\/wp-content\/uploads\/2021\/10\/20211015_160819-225x300.jpg 225w, https:\/\/saintejeannedarc-lamarne.fr\/wp-content\/uploads\/2021\/10\/20211015_160819-768x1024.jpg 768w, https:\/\/saintejeannedarc-lamarne.fr\/wp-content\/uploads\/2021\/10\/20211015_160819-1152x1536.jpg 1152w, https:\/\/saintejeannedarc-lamarne.fr\/wp-content\/uploads\/2021\/10\/20211015_160819.jpg 1440w\" sizes=\"(max-width: 225px) 100vw, 225px\" \/><\/a><a href=\"https:\/\/saintejeannedarc-lamarne.fr\/wp-content\/uploads\/2021\/10\/20211015_160809.jpg\"><img loading=\"lazy\" decoding=\"async\" class=\"alignnone size-medium wp-image-5037\" src=\"https:\/\/saintejeannedarc-lamarne.fr\/wp-content\/uploads\/2021\/10\/20211015_160809-225x300.jpg\" alt=\"\" width=\"225\" height=\"300\" srcset=\"https:\/\/saintejeannedarc-lamarne.fr\/wp-content\/uploads\/2021\/10\/20211015_160809-225x300.jpg 225w, https:\/\/saintejeannedarc-lamarne.fr\/wp-content\/uploads\/2021\/10\/20211015_160809-768x1024.jpg 768w, https:\/\/saintejeannedarc-lamarne.fr\/wp-content\/uploads\/2021\/10\/20211015_160809-1152x1536.jpg 1152w, https:\/\/saintejeannedarc-lamarne.fr\/wp-content\/uploads\/2021\/10\/20211015_160809.jpg 1440w\" sizes=\"(max-width: 225px) 100vw, 225px\" \/><\/a><a href=\"https:\/\/saintejeannedarc-lamarne.fr\/wp-content\/uploads\/2021\/10\/20211015_160841.jpg\"><img loading=\"lazy\" decoding=\"async\" class=\"alignnone size-medium wp-image-5034\" src=\"https:\/\/saintejeannedarc-lamarne.fr\/wp-content\/uploads\/2021\/10\/20211015_160841-225x300.jpg\" alt=\"\" width=\"225\" height=\"300\" srcset=\"https:\/\/saintejeannedarc-lamarne.fr\/wp-content\/uploads\/2021\/10\/20211015_160841-225x300.jpg 225w, https:\/\/saintejeannedarc-lamarne.fr\/wp-content\/uploads\/2021\/10\/20211015_160841-768x1024.jpg 768w, https:\/\/saintejeannedarc-lamarne.fr\/wp-content\/uploads\/2021\/10\/20211015_160841-1152x1536.jpg 1152w, https:\/\/saintejeannedarc-lamarne.fr\/wp-content\/uploads\/2021\/10\/20211015_160841.jpg 1440w\" sizes=\"(max-width: 225px) 100vw, 225px\" \/><\/a><\/p>\n","protected":false},"excerpt":{"rendered":"<p>Apr\u00e8s plus de 15 jours de campagne \u00e9lectorale de 21 \u00e9l\u00e8ves de CM1 et CM2, candidats pour le futur conseil municipal pour enfants de la Marne, le vote a eu lieu le vendredi 15 octobre 2021 dans l&#8217;\u00e9cole. Tous les \u00e9l\u00e8ves de CE1, CE2, CM1 et CM2 se sont donc rendus, munis de leur carte<\/p>\n<p><a href=\"https:\/\/saintejeannedarc-lamarne.fr\/?page_id=5052\" class=\"more-link themebutton\">Lire la suite<\/a><\/p>\n","protected":false},"author":2,"featured_media":0,"parent":0,"menu_order":0,"comment_status":"closed","ping_status":"closed","template":"","meta":{"ngg_post_thumbnail":0,"footnotes":""},"_links":{"self":[{"href":"https:\/\/saintejeannedarc-lamarne.fr\/index.php?rest_route=\/wp\/v2\/pages\/5052"}],"collection":[{"href":"https:\/\/saintejeannedarc-lamarne.fr\/index.php?rest_route=\/wp\/v2\/pages"}],"about":[{"href":"https:\/\/saintejeannedarc-lamarne.fr\/index.php?rest_route=\/wp\/v2\/types\/page"}],"author":[{"embeddable":true,"href":"https:\/\/saintejeannedarc-lamarne.fr\/index.php?rest_route=\/wp\/v2\/users\/2"}],"replies":[{"embeddable":true,"href":"https:\/\/saintejeannedarc-lamarne.fr\/index.php?rest_route=%2Fwp%2Fv2%2Fcomments&post=5052"}],"version-history":[{"count":1,"href":"https:\/\/saintejeannedarc-lamarne.fr\/index.php?rest_route=\/wp\/v2\/pages\/5052\/revisions"}],"predecessor-version":[{"id":5054,"href":"https:\/\/saintejeannedarc-lamarne.fr\/index.php?rest_route=\/wp\/v2\/pages\/5052\/revisions\/5054"}],"wp:attachment":[{"href":"https:\/\/saintejeannedarc-lamarne.fr\/index.php?rest_route=%2Fwp%2Fv2%2Fmedia&parent=5052"}],"curies":[{"name":"wp","href":"https:\/\/api.w.org\/{rel}","templated":true}]}}