{"id":50,"date":"2015-09-29T17:12:46","date_gmt":"2015-09-29T16:12:46","guid":{"rendered":"https:\/\/saintejeannedarc-lamarne.fr\/?page_id=50"},"modified":"2024-09-13T18:12:51","modified_gmt":"2024-09-13T17:12:51","slug":"calendrier","status":"publish","type":"page","link":"https:\/\/saintejeannedarc-lamarne.fr\/?page_id=50","title":{"rendered":"Calendrier"},"content":{"rendered":"<p style=\"text-align: center;\"><strong><span style=\"color: #0000ff;\">Calendrier des vacances scolaires pour l&#8217;ann\u00e9e 2024 &#8211; 2025<\/span><\/strong><\/p>\n<p><a href=\"https:\/\/saintejeannedarc-lamarne.fr\/wp-content\/uploads\/2024\/09\/calendrier.png\"><img loading=\"lazy\" decoding=\"async\" class=\"alignnone wp-image-7554 size-medium\" src=\"https:\/\/saintejeannedarc-lamarne.fr\/wp-content\/uploads\/2024\/09\/calendrier-115x300.png\" alt=\"\" width=\"115\" height=\"300\" srcset=\"https:\/\/saintejeannedarc-lamarne.fr\/wp-content\/uploads\/2024\/09\/calendrier-115x300.png 115w, https:\/\/saintejeannedarc-lamarne.fr\/wp-content\/uploads\/2024\/09\/calendrier-392x1024.png 392w, https:\/\/saintejeannedarc-lamarne.fr\/wp-content\/uploads\/2024\/09\/calendrier-768x2004.png 768w, https:\/\/saintejeannedarc-lamarne.fr\/wp-content\/uploads\/2024\/09\/calendrier-589x1536.png 589w, https:\/\/saintejeannedarc-lamarne.fr\/wp-content\/uploads\/2024\/09\/calendrier-785x2048.png 785w, https:\/\/saintejeannedarc-lamarne.fr\/wp-content\/uploads\/2024\/09\/calendrier.png 800w\" sizes=\"(max-width: 115px) 100vw, 115px\" \/><\/a><\/p>\n<p style=\"text-align: center;\"><strong><span style=\"color: #0000ff;\">Calendrier des cycles natation \u00e0 l&#8217;espace aquatique l&#8217;Oc\u00e9ane &nbsp;&nbsp; &nbsp;&nbsp; &nbsp;&nbsp; &nbsp;&nbsp; <\/span><\/strong><strong><span style=\"color: #0000ff;\"><a href=\"https:\/\/saintejeannedarc-lamarne.fr\/wp-content\/uploads\/2024\/09\/piscine.jpg\"><img loading=\"lazy\" decoding=\"async\" class=\"alignnone  wp-image-7556\" src=\"https:\/\/saintejeannedarc-lamarne.fr\/wp-content\/uploads\/2024\/09\/piscine-300x147.jpg\" alt=\"\" width=\"127\" height=\"62\" srcset=\"https:\/\/saintejeannedarc-lamarne.fr\/wp-content\/uploads\/2024\/09\/piscine-300x147.jpg 300w, https:\/\/saintejeannedarc-lamarne.fr\/wp-content\/uploads\/2024\/09\/piscine-768x376.jpg 768w, https:\/\/saintejeannedarc-lamarne.fr\/wp-content\/uploads\/2024\/09\/piscine.jpg 1002w\" sizes=\"(max-width: 127px) 100vw, 127px\" \/><\/a><\/span><\/strong><\/p>\n<p>&nbsp;<\/p>\n<p><strong>Classe de CE2\/CM1<\/strong> : Cycle du 2 au 27 septembre 2024. Les mardi et jeudi de 15h \u00e0 15h45.<\/p>\n<p><strong>Classes de CE1\/CE2 et CM1\/CM2<\/strong> : Cycle du 11 novembre 2024 au 24 janvier 2025. Le mardi de 9h30 \u00e0 10h15.<\/p>\n<p><strong>\u00c9l\u00e8ves de GS :<\/strong> Cycle du 27 janvier au 14 mars 2025. Les lundis et vendredis de 14h15 \u00e0 15h.<\/p>\n<p><strong>Classe de CP<\/strong> : Cycle du 17 mars au 30 mai 2025. Le vendredi de 9h30 \u00e0 10h15.<\/p>\n<p>&nbsp;<\/p>\n<p style=\"text-align: center;\"><strong><span style=\"color: #0000ff;\">Interventions sportives Ci2S<\/span><\/strong><\/p>\n<p><em><strong>P\u00e9riode 1<\/strong><\/em> : S\u00e9ance Hand&nbsp; handisport avec la classe de CM1-CM2<\/p>\n<p><em><strong>P\u00e9riode 4<\/strong><\/em> : S\u00e9ance handisport pour les classes de CE1\/CE2 et CE2\/CM1 et s\u00e9ance course d&#8217;orientation et jeux de ballons pour la classe de GS\/CP<\/p>\n<p><em><strong>P\u00e9riode 5<\/strong><\/em> : S\u00e9ance course d&#8217;orientation et jeux de ballons pour la classe de PS\/MS&nbsp;&nbsp;<\/p>\n<p style=\"text-align: center;\">&nbsp; <a href=\"https:\/\/saintejeannedarc-lamarne.fr\/wp-content\/uploads\/2024\/09\/sport.jpg\"><img loading=\"lazy\" decoding=\"async\" class=\"alignnone  wp-image-7557\" src=\"https:\/\/saintejeannedarc-lamarne.fr\/wp-content\/uploads\/2024\/09\/sport-300x245.jpg\" alt=\"\" width=\"110\" height=\"90\" srcset=\"https:\/\/saintejeannedarc-lamarne.fr\/wp-content\/uploads\/2024\/09\/sport-300x245.jpg 300w, https:\/\/saintejeannedarc-lamarne.fr\/wp-content\/uploads\/2024\/09\/sport.jpg 600w\" sizes=\"(max-width: 110px) 100vw, 110px\" \/><\/a><\/p>\n<p>&nbsp;<\/p>\n<p>&nbsp;<\/p>\n<p>&nbsp;<\/p>\n<p>&nbsp;<\/p>\n<p>&nbsp;<\/p>\n<p>&nbsp;<\/p>\n<p>&nbsp;<\/p>\n","protected":false},"excerpt":{"rendered":"<p>Calendrier des vacances scolaires pour l&#8217;ann\u00e9e 2024 &#8211; 2025 Calendrier des cycles natation \u00e0 l&#8217;espace aquatique l&#8217;Oc\u00e9ane &nbsp;&nbsp; &nbsp;&nbsp; &nbsp;&nbsp; &nbsp;&nbsp; &nbsp; Classe de CE2\/CM1 : Cycle du 2 au 27 septembre 2024. Les mardi et jeudi de 15h \u00e0 15h45. Classes de CE1\/CE2 et CM1\/CM2 : Cycle du 11 novembre 2024 au 24 janvier<\/p>\n<p><a href=\"https:\/\/saintejeannedarc-lamarne.fr\/?page_id=50\" class=\"more-link themebutton\">Lire la suite<\/a><\/p>\n","protected":false},"author":2,"featured_media":0,"parent":0,"menu_order":0,"comment_status":"closed","ping_status":"closed","template":"","meta":{"ngg_post_thumbnail":0,"footnotes":""},"_links":{"self":[{"href":"https:\/\/saintejeannedarc-lamarne.fr\/index.php?rest_route=\/wp\/v2\/pages\/50"}],"collection":[{"href":"https:\/\/saintejeannedarc-lamarne.fr\/index.php?rest_route=\/wp\/v2\/pages"}],"about":[{"href":"https:\/\/saintejeannedarc-lamarne.fr\/index.php?rest_route=\/wp\/v2\/types\/page"}],"author":[{"embeddable":true,"href":"https:\/\/saintejeannedarc-lamarne.fr\/index.php?rest_route=\/wp\/v2\/users\/2"}],"replies":[{"embeddable":true,"href":"https:\/\/saintejeannedarc-lamarne.fr\/index.php?rest_route=%2Fwp%2Fv2%2Fcomments&post=50"}],"version-history":[{"count":58,"href":"https:\/\/saintejeannedarc-lamarne.fr\/index.php?rest_route=\/wp\/v2\/pages\/50\/revisions"}],"predecessor-version":[{"id":7558,"href":"https:\/\/saintejeannedarc-lamarne.fr\/index.php?rest_route=\/wp\/v2\/pages\/50\/revisions\/7558"}],"wp:attachment":[{"href":"https:\/\/saintejeannedarc-lamarne.fr\/index.php?rest_route=%2Fwp%2Fv2%2Fmedia&parent=50"}],"curies":[{"name":"wp","href":"https:\/\/api.w.org\/{rel}","templated":true}]}}