{"id":4720,"date":"2021-03-16T14:44:33","date_gmt":"2021-03-16T13:44:33","guid":{"rendered":"https:\/\/saintejeannedarc-lamarne.fr\/?page_id=4720"},"modified":"2024-09-13T17:42:52","modified_gmt":"2024-09-13T16:42:52","slug":"apc-activites-pedagogiques-complementaires","status":"publish","type":"page","link":"https:\/\/saintejeannedarc-lamarne.fr\/?page_id=4720","title":{"rendered":"APC (activit\u00e9s p\u00e9dagogiques compl\u00e9mentaires)"},"content":{"rendered":"<p style=\"text-align: center;\"><strong>Les APC ont lieu le lundi soir et le jeudi soir de 16h45 \u00e0 17h30 de la GS au CM2.<br \/>\n<\/strong><\/p>\n<p>Les s\u00e9ances d\u00e9buteront \u00e0 partir de la 2\u00e8me p\u00e9riode soit au mois de novembre 2024. Si votre enfant est concern\u00e9 vous en serez inform\u00e9s au pr\u00e9alable par le biais du carnet de liaison.<\/p>\n<p>Pour rappel, lorsqu&#8217;un \u00e9l\u00e8ve est inscrit \u00e0 une activit\u00e9 il s&#8217;engage \u00e0 participer \u00e0 l&#8217;ensemble des s\u00e9ances.<\/p>\n<p><a href=\"https:\/\/saintejeannedarc-lamarne.fr\/wp-content\/uploads\/2024\/09\/apc-e1726245720916.jpg\"><img loading=\"lazy\" decoding=\"async\" class=\"size-medium wp-image-7552 aligncenter\" src=\"https:\/\/saintejeannedarc-lamarne.fr\/wp-content\/uploads\/2024\/09\/apc-e1726245720916-300x220.jpg\" alt=\"\" width=\"300\" height=\"220\" srcset=\"https:\/\/saintejeannedarc-lamarne.fr\/wp-content\/uploads\/2024\/09\/apc-e1726245720916-300x220.jpg 300w, https:\/\/saintejeannedarc-lamarne.fr\/wp-content\/uploads\/2024\/09\/apc-e1726245720916-1024x750.jpg 1024w, https:\/\/saintejeannedarc-lamarne.fr\/wp-content\/uploads\/2024\/09\/apc-e1726245720916-768x563.jpg 768w, https:\/\/saintejeannedarc-lamarne.fr\/wp-content\/uploads\/2024\/09\/apc-e1726245720916.jpg 1245w\" sizes=\"(max-width: 300px) 100vw, 300px\" \/><\/a><\/p>\n","protected":false},"excerpt":{"rendered":"<p>Les APC ont lieu le lundi soir et le jeudi soir de 16h45 \u00e0 17h30 de la GS au CM2. Les s\u00e9ances d\u00e9buteront \u00e0 partir de la 2\u00e8me p\u00e9riode soit au mois de novembre 2024. Si votre enfant est concern\u00e9 vous en serez inform\u00e9s au pr\u00e9alable par le biais du carnet de liaison. Pour rappel,<\/p>\n<p><a href=\"https:\/\/saintejeannedarc-lamarne.fr\/?page_id=4720\" class=\"more-link themebutton\">Lire la suite<\/a><\/p>\n","protected":false},"author":2,"featured_media":0,"parent":0,"menu_order":0,"comment_status":"closed","ping_status":"closed","template":"","meta":{"ngg_post_thumbnail":0,"footnotes":""},"_links":{"self":[{"href":"https:\/\/saintejeannedarc-lamarne.fr\/index.php?rest_route=\/wp\/v2\/pages\/4720"}],"collection":[{"href":"https:\/\/saintejeannedarc-lamarne.fr\/index.php?rest_route=\/wp\/v2\/pages"}],"about":[{"href":"https:\/\/saintejeannedarc-lamarne.fr\/index.php?rest_route=\/wp\/v2\/types\/page"}],"author":[{"embeddable":true,"href":"https:\/\/saintejeannedarc-lamarne.fr\/index.php?rest_route=\/wp\/v2\/users\/2"}],"replies":[{"embeddable":true,"href":"https:\/\/saintejeannedarc-lamarne.fr\/index.php?rest_route=%2Fwp%2Fv2%2Fcomments&post=4720"}],"version-history":[{"count":12,"href":"https:\/\/saintejeannedarc-lamarne.fr\/index.php?rest_route=\/wp\/v2\/pages\/4720\/revisions"}],"predecessor-version":[{"id":7553,"href":"https:\/\/saintejeannedarc-lamarne.fr\/index.php?rest_route=\/wp\/v2\/pages\/4720\/revisions\/7553"}],"wp:attachment":[{"href":"https:\/\/saintejeannedarc-lamarne.fr\/index.php?rest_route=%2Fwp%2Fv2%2Fmedia&parent=4720"}],"curies":[{"name":"wp","href":"https:\/\/api.w.org\/{rel}","templated":true}]}}