{"id":4541,"date":"2021-01-16T10:59:43","date_gmt":"2021-01-16T09:59:43","guid":{"rendered":"https:\/\/saintejeannedarc-lamarne.fr\/?page_id=4541"},"modified":"2021-01-16T10:59:43","modified_gmt":"2021-01-16T09:59:43","slug":"assurance-scolaire-individuelle-accident","status":"publish","type":"page","link":"https:\/\/saintejeannedarc-lamarne.fr\/?page_id=4541","title":{"rendered":"Assurance scolaire &#8211; individuelle accident"},"content":{"rendered":"<p><a href=\"https:\/\/saintejeannedarc-lamarne.fr\/wp-content\/uploads\/2021\/01\/mutuelle.jpg\"><img loading=\"lazy\" decoding=\"async\" class=\"alignnone size-medium wp-image-4542\" src=\"https:\/\/saintejeannedarc-lamarne.fr\/wp-content\/uploads\/2021\/01\/mutuelle-300x149.jpg\" alt=\"\" width=\"300\" height=\"149\" srcset=\"https:\/\/saintejeannedarc-lamarne.fr\/wp-content\/uploads\/2021\/01\/mutuelle-300x149.jpg 300w, https:\/\/saintejeannedarc-lamarne.fr\/wp-content\/uploads\/2021\/01\/mutuelle.jpg 312w\" sizes=\"(max-width: 300px) 100vw, 300px\" \/><\/a><\/p>\n<p>L&#8217;\u00e9tablissement souscrit une assurance aupr\u00e8s de la Mutuelle St Christophe pour les activit\u00e9s scolaires et extra-scolaires. Chaque \u00e9l\u00e8ve inscrit dans l&#8217;\u00e9cole b\u00e9n\u00e9ficie de cette assurance. Le co\u00fbt est pris en charge par l&#8217;OGEC.<\/p>\n<p>Vous trouverez ci-apr\u00e8s le lien pour avoir des informations sur les garanties ou pour d\u00e9clarer un sinistre :<\/p>\n<p><a href=\"https:\/\/www.saint-christophe-assurances.fr\/informations-pratiques\/espace-parents\">https:\/\/www.saint-christophe-assurances.fr\/informations-pratiques\/espace-parents<\/a><\/p>\n","protected":false},"excerpt":{"rendered":"<p>L&#8217;\u00e9tablissement souscrit une assurance aupr\u00e8s de la Mutuelle St Christophe pour les activit\u00e9s scolaires et extra-scolaires. Chaque \u00e9l\u00e8ve inscrit dans l&#8217;\u00e9cole b\u00e9n\u00e9ficie de cette assurance. Le co\u00fbt est pris en charge par l&#8217;OGEC. Vous trouverez ci-apr\u00e8s le lien pour avoir des informations sur les garanties ou pour d\u00e9clarer un sinistre : https:\/\/www.saint-christophe-assurances.fr\/informations-pratiques\/espace-parents<\/p>\n","protected":false},"author":2,"featured_media":0,"parent":0,"menu_order":0,"comment_status":"closed","ping_status":"closed","template":"","meta":{"ngg_post_thumbnail":0,"footnotes":""},"_links":{"self":[{"href":"https:\/\/saintejeannedarc-lamarne.fr\/index.php?rest_route=\/wp\/v2\/pages\/4541"}],"collection":[{"href":"https:\/\/saintejeannedarc-lamarne.fr\/index.php?rest_route=\/wp\/v2\/pages"}],"about":[{"href":"https:\/\/saintejeannedarc-lamarne.fr\/index.php?rest_route=\/wp\/v2\/types\/page"}],"author":[{"embeddable":true,"href":"https:\/\/saintejeannedarc-lamarne.fr\/index.php?rest_route=\/wp\/v2\/users\/2"}],"replies":[{"embeddable":true,"href":"https:\/\/saintejeannedarc-lamarne.fr\/index.php?rest_route=%2Fwp%2Fv2%2Fcomments&post=4541"}],"version-history":[{"count":1,"href":"https:\/\/saintejeannedarc-lamarne.fr\/index.php?rest_route=\/wp\/v2\/pages\/4541\/revisions"}],"predecessor-version":[{"id":4544,"href":"https:\/\/saintejeannedarc-lamarne.fr\/index.php?rest_route=\/wp\/v2\/pages\/4541\/revisions\/4544"}],"wp:attachment":[{"href":"https:\/\/saintejeannedarc-lamarne.fr\/index.php?rest_route=%2Fwp%2Fv2%2Fmedia&parent=4541"}],"curies":[{"name":"wp","href":"https:\/\/api.w.org\/{rel}","templated":true}]}}