{"id":4345,"date":"2020-09-15T11:22:55","date_gmt":"2020-09-15T10:22:55","guid":{"rendered":"https:\/\/saintejeannedarc-lamarne.fr\/?page_id=4345"},"modified":"2023-03-07T12:03:54","modified_gmt":"2023-03-07T11:03:54","slug":"situation-sanitaire-covid-19","status":"publish","type":"page","link":"https:\/\/saintejeannedarc-lamarne.fr\/?page_id=4345","title":{"rendered":"Situation sanitaire  (Covid-19)"},"content":{"rendered":"<p><strong>Au regard de la situation sanitaire et des r\u00e8gles applicables en population g\u00e9n\u00e9rale, le cadre sanitaire mis en \u0153uvre pour l\u2019ann\u00e9e scolaire 2022-2023 est suspendu. [Information au 14\/02\/2023]<\/strong><\/p>\n<p><strong>Infographie rentr\u00e9e 2022 :<\/strong><\/p>\n<iframe src=\"\/\/docs.google.com\/viewer?url=https%3A%2F%2Fsaintejeannedarc-lamarne.fr%2Fwp-content%2Fuploads%2F2022%2F08%2FInfographie-rentree-22.pdf&hl=fr&embedded=true\" class=\"gde-frame\" style=\"width:100%; height:500px; border: none;\" scrolling=\"no\"><\/iframe>\n<p class=\"gde-text\"><a href=\"https:\/\/saintejeannedarc-lamarne.fr\/wp-content\/uploads\/2022\/08\/Infographie-rentree-22.pdf\" class=\"gde-link\">T\u00e9l\u00e9charger (PDF, 205KB)<\/a><\/p>\n<p><strong>Circulaire \u00e0 destination des familles rentr\u00e9e 2022 :<\/strong><\/p>\n<iframe src=\"\/\/docs.google.com\/viewer?url=https%3A%2F%2Fsaintejeannedarc-lamarne.fr%2Fwp-content%2Fuploads%2F2022%2F08%2FCirculaire-covid-rentree-2022.pdf&hl=fr&embedded=true\" class=\"gde-frame\" style=\"width:100%; height:500px; border: none;\" scrolling=\"no\"><\/iframe>\n<p class=\"gde-text\"><a href=\"https:\/\/saintejeannedarc-lamarne.fr\/wp-content\/uploads\/2022\/08\/Circulaire-covid-rentree-2022.pdf\" class=\"gde-link\">T\u00e9l\u00e9charger (PDF, 113KB)<\/a><\/p>\n<p><strong>Protocole sanitaire rentr\u00e9e 2022<\/strong><\/p>\n<iframe src=\"\/\/docs.google.com\/viewer?url=https%3A%2F%2Fsaintejeannedarc-lamarne.fr%2Fwp-content%2Fuploads%2F2022%2F09%2FProtocole-rentree-2022.pdf&hl=fr&embedded=true\" class=\"gde-frame\" style=\"width:100%; height:500px; border: none;\" scrolling=\"no\"><\/iframe>\n<p class=\"gde-text\"><a href=\"https:\/\/saintejeannedarc-lamarne.fr\/wp-content\/uploads\/2022\/09\/Protocole-rentree-2022.pdf\" class=\"gde-link\">T\u00e9l\u00e9charger (PDF, 251KB)<\/a><\/p>\n","protected":false},"excerpt":{"rendered":"<p>Au regard de la situation sanitaire et des r\u00e8gles applicables en population g\u00e9n\u00e9rale, le cadre sanitaire mis en \u0153uvre pour l\u2019ann\u00e9e scolaire 2022-2023 est suspendu. [Information au 14\/02\/2023] Infographie rentr\u00e9e 2022 : Circulaire \u00e0 destination des familles rentr\u00e9e 2022 : Protocole sanitaire rentr\u00e9e 2022<\/p>\n","protected":false},"author":2,"featured_media":0,"parent":0,"menu_order":0,"comment_status":"closed","ping_status":"closed","template":"","meta":{"ngg_post_thumbnail":0,"footnotes":""},"_links":{"self":[{"href":"https:\/\/saintejeannedarc-lamarne.fr\/index.php?rest_route=\/wp\/v2\/pages\/4345"}],"collection":[{"href":"https:\/\/saintejeannedarc-lamarne.fr\/index.php?rest_route=\/wp\/v2\/pages"}],"about":[{"href":"https:\/\/saintejeannedarc-lamarne.fr\/index.php?rest_route=\/wp\/v2\/types\/page"}],"author":[{"embeddable":true,"href":"https:\/\/saintejeannedarc-lamarne.fr\/index.php?rest_route=\/wp\/v2\/users\/2"}],"replies":[{"embeddable":true,"href":"https:\/\/saintejeannedarc-lamarne.fr\/index.php?rest_route=%2Fwp%2Fv2%2Fcomments&post=4345"}],"version-history":[{"count":20,"href":"https:\/\/saintejeannedarc-lamarne.fr\/index.php?rest_route=\/wp\/v2\/pages\/4345\/revisions"}],"predecessor-version":[{"id":6758,"href":"https:\/\/saintejeannedarc-lamarne.fr\/index.php?rest_route=\/wp\/v2\/pages\/4345\/revisions\/6758"}],"wp:attachment":[{"href":"https:\/\/saintejeannedarc-lamarne.fr\/index.php?rest_route=%2Fwp%2Fv2%2Fmedia&parent=4345"}],"curies":[{"name":"wp","href":"https:\/\/api.w.org\/{rel}","templated":true}]}}