{"id":3382,"date":"2020-04-02T17:28:00","date_gmt":"2020-04-02T16:28:00","guid":{"rendered":"https:\/\/saintejeannedarc-lamarne.fr\/?page_id=3382"},"modified":"2024-06-13T07:04:49","modified_gmt":"2024-06-13T06:04:49","slug":"frais-de-scolarisation","status":"publish","type":"page","link":"https:\/\/saintejeannedarc-lamarne.fr\/?page_id=3382","title":{"rendered":"Frais de scolarisation \/ assurance"},"content":{"rendered":"<p>Les frais de scolarisation pour les \u00e9l\u00e8ves domicili\u00e9s \u00e0 la Marne s&#8217;\u00e9l\u00e8vent \u00e0 26 euros par mois (sur 10 mois d&#8217;octobre \u00e0 juillet)<\/p>\n<p>L&#8217;assurance &#8220;individuelle accident&#8221; (Mutuelle St Christophe) est comprise dans les frais de scolarisation.<\/p>\n<p><a href=\"https:\/\/www.saint-christophe-assurances.fr\/informations-pratiques\/espace-parents\">https:\/\/www.saint-christophe-assurances.fr\/informations-pratiques\/espace-parents<\/a><\/p>\n<p>&nbsp;<\/p>\n","protected":false},"excerpt":{"rendered":"<p>Les frais de scolarisation pour les \u00e9l\u00e8ves domicili\u00e9s \u00e0 la Marne s&#8217;\u00e9l\u00e8vent \u00e0 26 euros par mois (sur 10 mois d&#8217;octobre \u00e0 juillet) L&#8217;assurance &#8220;individuelle accident&#8221; (Mutuelle St Christophe) est comprise dans les frais de scolarisation. https:\/\/www.saint-christophe-assurances.fr\/informations-pratiques\/espace-parents &nbsp;<\/p>\n","protected":false},"author":2,"featured_media":0,"parent":0,"menu_order":0,"comment_status":"closed","ping_status":"closed","template":"","meta":{"ngg_post_thumbnail":0,"footnotes":""},"_links":{"self":[{"href":"https:\/\/saintejeannedarc-lamarne.fr\/index.php?rest_route=\/wp\/v2\/pages\/3382"}],"collection":[{"href":"https:\/\/saintejeannedarc-lamarne.fr\/index.php?rest_route=\/wp\/v2\/pages"}],"about":[{"href":"https:\/\/saintejeannedarc-lamarne.fr\/index.php?rest_route=\/wp\/v2\/types\/page"}],"author":[{"embeddable":true,"href":"https:\/\/saintejeannedarc-lamarne.fr\/index.php?rest_route=\/wp\/v2\/users\/2"}],"replies":[{"embeddable":true,"href":"https:\/\/saintejeannedarc-lamarne.fr\/index.php?rest_route=%2Fwp%2Fv2%2Fcomments&post=3382"}],"version-history":[{"count":9,"href":"https:\/\/saintejeannedarc-lamarne.fr\/index.php?rest_route=\/wp\/v2\/pages\/3382\/revisions"}],"predecessor-version":[{"id":7250,"href":"https:\/\/saintejeannedarc-lamarne.fr\/index.php?rest_route=\/wp\/v2\/pages\/3382\/revisions\/7250"}],"wp:attachment":[{"href":"https:\/\/saintejeannedarc-lamarne.fr\/index.php?rest_route=%2Fwp%2Fv2%2Fmedia&parent=3382"}],"curies":[{"name":"wp","href":"https:\/\/api.w.org\/{rel}","templated":true}]}}