{"id":248,"date":"2015-12-15T22:49:29","date_gmt":"2015-12-15T21:49:29","guid":{"rendered":"https:\/\/saintejeannedarc-lamarne.fr\/?page_id=248"},"modified":"2021-09-29T11:07:04","modified_gmt":"2021-09-29T10:07:04","slug":"nous-joindre","status":"publish","type":"page","link":"https:\/\/saintejeannedarc-lamarne.fr\/?page_id=248","title":{"rendered":"Nous joindre"},"content":{"rendered":"<p><a href=\"https:\/\/saintejeannedarc-lamarne.fr\/wp-content\/uploads\/2015\/12\/dessin-anim\u00e9-de-t\u00e9l\u00e9phone-portable-25130472.jpg\" rel=\"attachment wp-att-252\"><img loading=\"lazy\" decoding=\"async\" class=\"wp-image-252 alignleft\" src=\"https:\/\/saintejeannedarc-lamarne.fr\/wp-content\/uploads\/2015\/12\/dessin-anim\u00e9-de-t\u00e9l\u00e9phone-portable-25130472-300x259.jpg\" alt=\"dessin-anim\u00e9-de-t\u00e9l\u00e9phone-portable-25130472\" width=\"56\" height=\"49\" srcset=\"https:\/\/saintejeannedarc-lamarne.fr\/wp-content\/uploads\/2015\/12\/dessin-anim\u00e9-de-t\u00e9l\u00e9phone-portable-25130472-300x259.jpg 300w, https:\/\/saintejeannedarc-lamarne.fr\/wp-content\/uploads\/2015\/12\/dessin-anim\u00e9-de-t\u00e9l\u00e9phone-portable-25130472.jpg 400w\" sizes=\"(max-width: 56px) 100vw, 56px\" \/><\/a><\/p>\n<p><span style=\"text-decoration: underline;\">Par t\u00e9l\u00e9phone<\/span> : &nbsp;<span style=\"color: #000000;\"> 02 40 26 21 50<\/span><\/p>\n<p>&nbsp;<\/p>\n<p style=\"text-align: left;\">&nbsp;&nbsp;&nbsp;&nbsp;&nbsp;&nbsp;&nbsp;&nbsp;<a href=\"https:\/\/saintejeannedarc-lamarne.fr\/wp-content\/uploads\/2015\/12\/homme-de-dessin-anim\u00e9-avec-le-symbole-d-email-10616064.jpg\" rel=\"attachment wp-att-253\"><img loading=\"lazy\" decoding=\"async\" class=\"alignnone wp-image-253\" src=\"https:\/\/saintejeannedarc-lamarne.fr\/wp-content\/uploads\/2015\/12\/homme-de-dessin-anim\u00e9-avec-le-symbole-d-email-10616064-300x225.jpg\" alt=\"homme-de-dessin-anim\u00e9-avec-le-symbole-d-email-10616064\" width=\"82\" height=\"61\" srcset=\"https:\/\/saintejeannedarc-lamarne.fr\/wp-content\/uploads\/2015\/12\/homme-de-dessin-anim\u00e9-avec-le-symbole-d-email-10616064-300x225.jpg 300w, https:\/\/saintejeannedarc-lamarne.fr\/wp-content\/uploads\/2015\/12\/homme-de-dessin-anim\u00e9-avec-le-symbole-d-email-10616064-320x240.jpg 320w, https:\/\/saintejeannedarc-lamarne.fr\/wp-content\/uploads\/2015\/12\/homme-de-dessin-anim\u00e9-avec-le-symbole-d-email-10616064-240x180.jpg 240w, https:\/\/saintejeannedarc-lamarne.fr\/wp-content\/uploads\/2015\/12\/homme-de-dessin-anim\u00e9-avec-le-symbole-d-email-10616064.jpg 400w\" sizes=\"(max-width: 82px) 100vw, 82px\" \/><\/a>&nbsp;&nbsp;&nbsp;&nbsp;&nbsp;&nbsp;&nbsp;&nbsp;&nbsp;&nbsp; <span style=\"text-decoration: underline;\">Par mail<\/span> : ec.marne.ste-jeanne-arc@ec44.fr<\/p>\n","protected":false},"excerpt":{"rendered":"<p>Par t\u00e9l\u00e9phone : &nbsp; 02 40 26 21 50 &nbsp; &nbsp;&nbsp;&nbsp;&nbsp;&nbsp;&nbsp;&nbsp;&nbsp;&nbsp;&nbsp;&nbsp;&nbsp;&nbsp;&nbsp;&nbsp;&nbsp;&nbsp;&nbsp; Par mail : ec.marne.ste-jeanne-arc@ec44.fr<\/p>\n","protected":false},"author":2,"featured_media":0,"parent":0,"menu_order":0,"comment_status":"closed","ping_status":"closed","template":"","meta":{"ngg_post_thumbnail":0,"footnotes":""},"_links":{"self":[{"href":"https:\/\/saintejeannedarc-lamarne.fr\/index.php?rest_route=\/wp\/v2\/pages\/248"}],"collection":[{"href":"https:\/\/saintejeannedarc-lamarne.fr\/index.php?rest_route=\/wp\/v2\/pages"}],"about":[{"href":"https:\/\/saintejeannedarc-lamarne.fr\/index.php?rest_route=\/wp\/v2\/types\/page"}],"author":[{"embeddable":true,"href":"https:\/\/saintejeannedarc-lamarne.fr\/index.php?rest_route=\/wp\/v2\/users\/2"}],"replies":[{"embeddable":true,"href":"https:\/\/saintejeannedarc-lamarne.fr\/index.php?rest_route=%2Fwp%2Fv2%2Fcomments&post=248"}],"version-history":[{"count":5,"href":"https:\/\/saintejeannedarc-lamarne.fr\/index.php?rest_route=\/wp\/v2\/pages\/248\/revisions"}],"predecessor-version":[{"id":4995,"href":"https:\/\/saintejeannedarc-lamarne.fr\/index.php?rest_route=\/wp\/v2\/pages\/248\/revisions\/4995"}],"wp:attachment":[{"href":"https:\/\/saintejeannedarc-lamarne.fr\/index.php?rest_route=%2Fwp%2Fv2%2Fmedia&parent=248"}],"curies":[{"name":"wp","href":"https:\/\/api.w.org\/{rel}","templated":true}]}}