{"id":2330,"date":"2019-09-03T11:44:13","date_gmt":"2019-09-03T10:44:13","guid":{"rendered":"https:\/\/saintejeannedarc-lamarne.fr\/?page_id=2330"},"modified":"2019-09-03T11:44:13","modified_gmt":"2019-09-03T10:44:13","slug":"scolarisation-obligatoire-des-3-ans","status":"publish","type":"page","link":"https:\/\/saintejeannedarc-lamarne.fr\/?page_id=2330","title":{"rendered":"Scolarisation obligatoire d\u00e8s 3 ans"},"content":{"rendered":"<p><strong>La loi n\u00b0209-791 du 26 juillet 2019<\/strong> pour une \u00e9cole de la confiance a abaiss\u00e9 l&#8217;\u00e2ge de <strong>l&#8217;instruction obligatoire \u00e0 3 ans<\/strong> \u00e0 partir de la rentr\u00e9e de septembre 2019. Cette nouvelle obligation sous-entend l&#8217;assiduit\u00e9 des \u00e9l\u00e8ves d\u00e8s le d\u00e9but de la scolarit\u00e9 et sur la totalit\u00e9 des heures d&#8217;enseignement hebdomadaire. Cependant, <strong>le d\u00e9cret n\u00b02019-836 du 2 ao\u00fbt 2019<\/strong> pr\u00e9voit les conditions dans lesquelles peut \u00eatre autoris\u00e9 un am\u00e9nagement du temps de pr\u00e9sence pour les \u00e9l\u00e8ves de petite section, sur les heures de classe pr\u00e9vues l&#8217;apr\u00e8s-midi, sur demande \u00e9crite des responsables l\u00e9gaux de l&#8217;enfant, adress\u00e9e au chef d&#8217;\u00e9tablissement.<\/p>\n<p>Vous trouverez ci-apr\u00e8s les documents n\u00e9cessaires \u00e0 la demande d&#8217;am\u00e9nagement du temps de pr\u00e9sence.<\/p>\n<iframe src=\"\/\/docs.google.com\/viewer?url=https%3A%2F%2Fsaintejeannedarc-lamarne.fr%2Fwp-content%2Fuploads%2F2019%2F09%2FDemande-dam%C3%A9nagement-du-temps-de-pr%C3%A9sence.pdf&hl=fr&embedded=true\" class=\"gde-frame\" style=\"width:100%; height:500px; border: none;\" scrolling=\"no\"><\/iframe>\n<p class=\"gde-text\"><a href=\"https:\/\/saintejeannedarc-lamarne.fr\/wp-content\/uploads\/2019\/09\/Demande-dam\u00e9nagement-du-temps-de-pr\u00e9sence.pdf\" class=\"gde-link\">T\u00e9l\u00e9charger (PDF, 136KB)<\/a><\/p>\n<p>&nbsp;<\/p>\n","protected":false},"excerpt":{"rendered":"<p>La loi n\u00b0209-791 du 26 juillet 2019 pour une \u00e9cole de la confiance a abaiss\u00e9 l&#8217;\u00e2ge de l&#8217;instruction obligatoire \u00e0 3 ans \u00e0 partir de la rentr\u00e9e de septembre 2019. Cette nouvelle obligation sous-entend l&#8217;assiduit\u00e9 des \u00e9l\u00e8ves d\u00e8s le d\u00e9but de la scolarit\u00e9 et sur la totalit\u00e9 des heures d&#8217;enseignement hebdomadaire. Cependant, le d\u00e9cret n\u00b02019-836<\/p>\n<p><a href=\"https:\/\/saintejeannedarc-lamarne.fr\/?page_id=2330\" class=\"more-link themebutton\">Lire la suite<\/a><\/p>\n","protected":false},"author":2,"featured_media":0,"parent":0,"menu_order":0,"comment_status":"closed","ping_status":"closed","template":"","meta":{"ngg_post_thumbnail":0,"footnotes":""},"_links":{"self":[{"href":"https:\/\/saintejeannedarc-lamarne.fr\/index.php?rest_route=\/wp\/v2\/pages\/2330"}],"collection":[{"href":"https:\/\/saintejeannedarc-lamarne.fr\/index.php?rest_route=\/wp\/v2\/pages"}],"about":[{"href":"https:\/\/saintejeannedarc-lamarne.fr\/index.php?rest_route=\/wp\/v2\/types\/page"}],"author":[{"embeddable":true,"href":"https:\/\/saintejeannedarc-lamarne.fr\/index.php?rest_route=\/wp\/v2\/users\/2"}],"replies":[{"embeddable":true,"href":"https:\/\/saintejeannedarc-lamarne.fr\/index.php?rest_route=%2Fwp%2Fv2%2Fcomments&post=2330"}],"version-history":[{"count":1,"href":"https:\/\/saintejeannedarc-lamarne.fr\/index.php?rest_route=\/wp\/v2\/pages\/2330\/revisions"}],"predecessor-version":[{"id":2333,"href":"https:\/\/saintejeannedarc-lamarne.fr\/index.php?rest_route=\/wp\/v2\/pages\/2330\/revisions\/2333"}],"wp:attachment":[{"href":"https:\/\/saintejeannedarc-lamarne.fr\/index.php?rest_route=%2Fwp%2Fv2%2Fmedia&parent=2330"}],"curies":[{"name":"wp","href":"https:\/\/api.w.org\/{rel}","templated":true}]}}