{"id":232,"date":"2015-12-15T10:52:53","date_gmt":"2015-12-15T09:52:53","guid":{"rendered":"https:\/\/saintejeannedarc-lamarne.fr\/?page_id=232"},"modified":"2023-10-05T09:35:52","modified_gmt":"2023-10-05T08:35:52","slug":"inscription","status":"publish","type":"page","link":"https:\/\/saintejeannedarc-lamarne.fr\/?page_id=232","title":{"rendered":"Inscription"},"content":{"rendered":"<p>Si vous souhaitez inscrire votre enfant dans notre \u00e9tablissement ou simplement avoir des informations, nous vous invitons \u00e0 prendre contact avec la directrice Katia Lusseau par mail :<\/p>\n<p><span style=\"color: #0000ff;\">ec.marne.ste-jeanne-arc@ec44.fr<\/span><\/p>\n<p>ou par t\u00e9l\u00e9phone:<\/p>\n<p>au<span style=\"color: #ff0000;\"> 02 40 26 21 50<\/span> (de pr\u00e9f\u00e9rence le vendredi ou le soir \u00e0 partir de 17h apr\u00e8s la classe)<\/p>\n<p>Merci par avance de pr\u00e9ciser dans votre message : les nom, pr\u00e9nom et date de naissance de votre enfant ainsi qu&#8217;un num\u00e9ro de t\u00e9l\u00e9phone pour vous joindre.<\/p>\n<p>Suite \u00e0 votre contact, nous vous proposerons une visite de l&#8217;\u00e9tablissement ainsi qu&#8217;une pr\u00e9sentation de nos diff\u00e9rents projets.<\/p>\n<p style=\"text-align: center;\"><a href=\"https:\/\/saintejeannedarc-lamarne.fr\/wp-content\/uploads\/2016\/01\/accueil.jpg\"><img loading=\"lazy\" decoding=\"async\" class=\"alignnone size-medium wp-image-417\" src=\"https:\/\/saintejeannedarc-lamarne.fr\/wp-content\/uploads\/2016\/01\/accueil-300x139.jpg\" alt=\"\" width=\"300\" height=\"139\" srcset=\"https:\/\/saintejeannedarc-lamarne.fr\/wp-content\/uploads\/2016\/01\/accueil-300x139.jpg 300w, https:\/\/saintejeannedarc-lamarne.fr\/wp-content\/uploads\/2016\/01\/accueil.jpg 407w\" sizes=\"(max-width: 300px) 100vw, 300px\" \/><\/a><\/p>\n<p>&nbsp;<\/p>\n<p>&nbsp;<\/p>\n<p style=\"text-align: right;\">&nbsp;<\/p>\n","protected":false},"excerpt":{"rendered":"<p>Si vous souhaitez inscrire votre enfant dans notre \u00e9tablissement ou simplement avoir des informations, nous vous invitons \u00e0 prendre contact avec la directrice Katia Lusseau par mail : ec.marne.ste-jeanne-arc@ec44.fr ou par t\u00e9l\u00e9phone: au 02 40 26 21 50 (de pr\u00e9f\u00e9rence le vendredi ou le soir \u00e0 partir de 17h apr\u00e8s la classe) Merci par avance<\/p>\n<p><a href=\"https:\/\/saintejeannedarc-lamarne.fr\/?page_id=232\" class=\"more-link themebutton\">Lire la suite<\/a><\/p>\n","protected":false},"author":2,"featured_media":0,"parent":0,"menu_order":0,"comment_status":"closed","ping_status":"closed","template":"","meta":{"ngg_post_thumbnail":0,"footnotes":""},"_links":{"self":[{"href":"https:\/\/saintejeannedarc-lamarne.fr\/index.php?rest_route=\/wp\/v2\/pages\/232"}],"collection":[{"href":"https:\/\/saintejeannedarc-lamarne.fr\/index.php?rest_route=\/wp\/v2\/pages"}],"about":[{"href":"https:\/\/saintejeannedarc-lamarne.fr\/index.php?rest_route=\/wp\/v2\/types\/page"}],"author":[{"embeddable":true,"href":"https:\/\/saintejeannedarc-lamarne.fr\/index.php?rest_route=\/wp\/v2\/users\/2"}],"replies":[{"embeddable":true,"href":"https:\/\/saintejeannedarc-lamarne.fr\/index.php?rest_route=%2Fwp%2Fv2%2Fcomments&post=232"}],"version-history":[{"count":16,"href":"https:\/\/saintejeannedarc-lamarne.fr\/index.php?rest_route=\/wp\/v2\/pages\/232\/revisions"}],"predecessor-version":[{"id":7042,"href":"https:\/\/saintejeannedarc-lamarne.fr\/index.php?rest_route=\/wp\/v2\/pages\/232\/revisions\/7042"}],"wp:attachment":[{"href":"https:\/\/saintejeannedarc-lamarne.fr\/index.php?rest_route=%2Fwp%2Fv2%2Fmedia&parent=232"}],"curies":[{"name":"wp","href":"https:\/\/api.w.org\/{rel}","templated":true}]}}