{"id":223,"date":"2015-12-14T22:22:13","date_gmt":"2015-12-14T21:22:13","guid":{"rendered":"https:\/\/saintejeannedarc-lamarne.fr\/?page_id=223"},"modified":"2025-05-19T21:10:47","modified_gmt":"2025-05-19T20:10:47","slug":"documents-administratifs","status":"publish","type":"page","link":"https:\/\/saintejeannedarc-lamarne.fr\/?page_id=223","title":{"rendered":"Documents administratifs \/ r\u00e8glement int\u00e9rieur"},"content":{"rendered":"<p>R\u00e8glement int\u00e9rieur de l&#8217;\u00e9tablissement :<\/p>\n<iframe src=\"\/\/docs.google.com\/viewer?url=https%3A%2F%2Fsaintejeannedarc-lamarne.fr%2Fwp-content%2Fuploads%2F2025%2F05%2FReglement-interieur-2024-2025-ok.pdf&hl=fr&embedded=true\" class=\"gde-frame\" style=\"width:100%; height:500px; border: none;\" scrolling=\"no\"><\/iframe>\n<p class=\"gde-text\"><a href=\"https:\/\/saintejeannedarc-lamarne.fr\/wp-content\/uploads\/2025\/05\/Reglement-interieur-2024-2025-ok.pdf\" class=\"gde-link\">T\u00e9l\u00e9charger (PDF, 350KB)<\/a><\/p>\n<p>Contrat de scolarisation<\/p>\n<iframe src=\"\/\/docs.google.com\/viewer?url=https%3A%2F%2Fsaintejeannedarc-lamarne.fr%2Fwp-content%2Fuploads%2F2025%2F05%2Fcontrat-scolarisation-2025-2026.pdf&hl=fr&embedded=true\" class=\"gde-frame\" style=\"width:100%; height:500px; border: none;\" scrolling=\"no\"><\/iframe>\n<p class=\"gde-text\"><a href=\"https:\/\/saintejeannedarc-lamarne.fr\/wp-content\/uploads\/2025\/05\/contrat-scolarisation-2025-2026.pdf\" class=\"gde-link\">T\u00e9l\u00e9charger (PDF, 952KB)<\/a><\/p>\n<p>Traitement des donn\u00e9es personelles<\/p>\n<iframe src=\"\/\/docs.google.com\/viewer?url=https%3A%2F%2Fsaintejeannedarc-lamarne.fr%2Fwp-content%2Fuploads%2F2025%2F05%2Ftraitement-des-donnees-personnelles.pdf&hl=fr&embedded=true\" class=\"gde-frame\" style=\"width:100%; height:500px; border: none;\" scrolling=\"no\"><\/iframe>\n<p class=\"gde-text\"><a href=\"https:\/\/saintejeannedarc-lamarne.fr\/wp-content\/uploads\/2025\/05\/traitement-des-donnees-personnelles.pdf\" class=\"gde-link\">T\u00e9l\u00e9charger (PDF, 802KB)<\/a><\/p>\n<p>&nbsp;<\/p>\n<p>&nbsp;<\/p>\n","protected":false},"excerpt":{"rendered":"<p>R\u00e8glement int\u00e9rieur de l&#8217;\u00e9tablissement : Contrat de scolarisation Traitement des donn\u00e9es personelles &nbsp; &nbsp;<\/p>\n","protected":false},"author":2,"featured_media":0,"parent":0,"menu_order":0,"comment_status":"closed","ping_status":"closed","template":"","meta":{"ngg_post_thumbnail":0,"footnotes":""},"_links":{"self":[{"href":"https:\/\/saintejeannedarc-lamarne.fr\/index.php?rest_route=\/wp\/v2\/pages\/223"}],"collection":[{"href":"https:\/\/saintejeannedarc-lamarne.fr\/index.php?rest_route=\/wp\/v2\/pages"}],"about":[{"href":"https:\/\/saintejeannedarc-lamarne.fr\/index.php?rest_route=\/wp\/v2\/types\/page"}],"author":[{"embeddable":true,"href":"https:\/\/saintejeannedarc-lamarne.fr\/index.php?rest_route=\/wp\/v2\/users\/2"}],"replies":[{"embeddable":true,"href":"https:\/\/saintejeannedarc-lamarne.fr\/index.php?rest_route=%2Fwp%2Fv2%2Fcomments&post=223"}],"version-history":[{"count":28,"href":"https:\/\/saintejeannedarc-lamarne.fr\/index.php?rest_route=\/wp\/v2\/pages\/223\/revisions"}],"predecessor-version":[{"id":7611,"href":"https:\/\/saintejeannedarc-lamarne.fr\/index.php?rest_route=\/wp\/v2\/pages\/223\/revisions\/7611"}],"wp:attachment":[{"href":"https:\/\/saintejeannedarc-lamarne.fr\/index.php?rest_route=%2Fwp%2Fv2%2Fmedia&parent=223"}],"curies":[{"name":"wp","href":"https:\/\/api.w.org\/{rel}","templated":true}]}}