{"id":2,"date":"2015-09-17T13:14:41","date_gmt":"2015-09-17T12:14:41","guid":{"rendered":"https:\/\/saintejeannedarc-lamarne.fr\/?page_id=2"},"modified":"2026-01-28T23:18:02","modified_gmt":"2026-01-28T22:18:02","slug":"accueil","status":"publish","type":"page","link":"https:\/\/saintejeannedarc-lamarne.fr\/","title":{"rendered":"Accueil"},"content":{"rendered":"<div id=\"pl-2\"  class=\"panel-layout\" ><div id=\"pg-2-0\"  class=\"panel-grid panel-no-style\" ><div id=\"pgc-2-0-0\"  class=\"panel-grid-cell\" ><div id=\"panel-2-0-0-0\" class=\"so-panel widget widget_sow-editor panel-first-child panel-last-child\" data-index=\"0\" ><div class=\"panel-widget-style panel-widget-style-for-2-0-0-0\" ><div\n\t\t\t\n\t\t\tclass=\"so-widget-sow-editor so-widget-sow-editor-base\"\n\t\t\t\n\t\t><h3 class=\"widget-title\">Portes ouvertes !<\/h3>\n<div class=\"siteorigin-widget-tinymce textwidget\">\n\t<p>Les portes ouvertes de l'\u00e9cole auront lieu le<\/p>\n<p><strong>Vendredi 6 f\u00e9vrier 2026 entre 17h30 et 19h30.<\/strong><\/p>\n<p><a href=\"https:\/\/saintejeannedarc-lamarne.fr\/wp-content\/uploads\/2026\/01\/image-porte-ouverte-maternelle.jpg\"><img loading=\"lazy\" decoding=\"async\" class=\"alignnone size-medium wp-image-7676\" src=\"https:\/\/saintejeannedarc-lamarne.fr\/wp-content\/uploads\/2026\/01\/image-porte-ouverte-maternelle-300x115.jpg\" alt=\"\" width=\"300\" height=\"115\" srcset=\"https:\/\/saintejeannedarc-lamarne.fr\/wp-content\/uploads\/2026\/01\/image-porte-ouverte-maternelle-300x115.jpg 300w, https:\/\/saintejeannedarc-lamarne.fr\/wp-content\/uploads\/2026\/01\/image-porte-ouverte-maternelle.jpg 600w\" sizes=\"(max-width: 300px) 100vw, 300px\" \/><\/a><\/p>\n<p><em>Au programme :<\/em><\/p>\n<p>* Rencontre avec l'\u00e9quipe p\u00e9dagogique<\/p>\n<p>* Visite de l'\u00e9tablissement<\/p>\n<p>*Possibilit\u00e9 de retirer les dossiers d'inscription<\/p>\n<p>&nbsp;<\/p>\n<p>&nbsp;<\/p>\n<p>&nbsp;<\/p>\n<p>&nbsp;<\/p>\n<p>&nbsp;<\/p>\n<\/div>\n<\/div><\/div><\/div><\/div><div id=\"pgc-2-0-1\"  class=\"panel-grid-cell panel-grid-cell-empty\" ><\/div><div id=\"pgc-2-0-2\"  class=\"panel-grid-cell\" ><div id=\"panel-2-0-2-0\" class=\"so-panel widget widget_sow-editor panel-first-child panel-last-child\" data-index=\"1\" ><div class=\"panel-widget-style panel-widget-style-for-2-0-2-0\" ><div\n\t\t\t\n\t\t\tclass=\"so-widget-sow-editor so-widget-sow-editor-base\"\n\t\t\t\n\t\t><h3 class=\"widget-title\">Inscription rentr\u00e9e 2026<\/h3>\n<div class=\"siteorigin-widget-tinymce textwidget\">\n\t<p>Vous pouvez d\u00e8s \u00e0 pr\u00e9sent inscrire vos enfants (enfants n\u00e9s en 2023 pour une rentr\u00e9e en Petite Section en septembre 2026) pour la rentr\u00e9e de septembre 2026. Pour toute demande de renseignements ou prise de rendez-vous, n'h\u00e9sitez pas \u00e0 prendre contact avec la direction au 02 40 26 21 50 (le soir apr\u00e8s la classe ou le vendredi de pr\u00e9f\u00e9rence) ou par mail <strong>ec.marne.ste-jeanne-arc@ec44.fr<\/strong> .<\/p>\n<p><a href=\"https:\/\/saintejeannedarc-lamarne.fr\/wp-content\/uploads\/2024\/12\/Inscription_scolaire.png\"><img loading=\"lazy\" decoding=\"async\" class=\"alignnone size-medium wp-image-7582\" src=\"https:\/\/saintejeannedarc-lamarne.fr\/wp-content\/uploads\/2024\/12\/Inscription_scolaire-300x202.png\" alt=\"\" width=\"300\" height=\"202\" srcset=\"https:\/\/saintejeannedarc-lamarne.fr\/wp-content\/uploads\/2024\/12\/Inscription_scolaire-300x202.png 300w, https:\/\/saintejeannedarc-lamarne.fr\/wp-content\/uploads\/2024\/12\/Inscription_scolaire-1024x688.png 1024w, https:\/\/saintejeannedarc-lamarne.fr\/wp-content\/uploads\/2024\/12\/Inscription_scolaire-768x516.png 768w, https:\/\/saintejeannedarc-lamarne.fr\/wp-content\/uploads\/2024\/12\/Inscription_scolaire-272x182.png 272w, https:\/\/saintejeannedarc-lamarne.fr\/wp-content\/uploads\/2024\/12\/Inscription_scolaire.png 1280w\" sizes=\"(max-width: 300px) 100vw, 300px\" \/><\/a><\/p>\n<p>&nbsp;<\/p>\n<p>&nbsp;<\/p>\n<p>&nbsp;<\/p>\n<\/div>\n<\/div><\/div><\/div><\/div><\/div><div id=\"pg-2-1\"  class=\"panel-grid panel-no-style\" ><div id=\"pgc-2-1-0\"  class=\"panel-grid-cell\" ><div id=\"panel-2-1-0-0\" class=\"so-panel widget widget_sow-editor panel-first-child panel-last-child\" data-index=\"2\" ><div class=\"panel-widget-style panel-widget-style-for-2-1-0-0\" ><div\n\t\t\t\n\t\t\tclass=\"so-widget-sow-editor so-widget-sow-editor-base\"\n\t\t\t\n\t\t>\n<div class=\"siteorigin-widget-tinymce textwidget\">\n\t<h1 style=\"text-align: center;\">Bienvenue sur le site<\/h1>\n<h1 style=\"text-align: center;\">de l'\u00e9cole Sainte Jeanne d'Arc<\/h1>\n<h1 style=\"text-align: center;\">La Marne<\/h1>\n<\/div>\n<\/div><\/div><\/div><\/div><\/div><\/div>","protected":false},"excerpt":{"rendered":"<p>Les portes ouvertes de l&#8217;\u00e9cole auront lieu le Vendredi 6 f\u00e9vrier 2026 entre 17h30 et 19h30. Au programme : * Rencontre avec l&#8217;\u00e9quipe p\u00e9dagogique * Visite de l&#8217;\u00e9tablissement *Possibilit\u00e9 de retirer les dossiers d&#8217;inscription &nbsp; &nbsp; &nbsp; &nbsp; &nbsp; Vous pouvez d\u00e8s \u00e0 pr\u00e9sent inscrire vos enfants (enfants n\u00e9s en 2023 pour une rentr\u00e9e en<\/p>\n<p><a href=\"https:\/\/saintejeannedarc-lamarne.fr\/\" class=\"more-link themebutton\">Lire la suite<\/a><\/p>\n","protected":false},"author":1,"featured_media":0,"parent":0,"menu_order":0,"comment_status":"closed","ping_status":"closed","template":"","meta":{"ngg_post_thumbnail":0,"footnotes":""},"_links":{"self":[{"href":"https:\/\/saintejeannedarc-lamarne.fr\/index.php?rest_route=\/wp\/v2\/pages\/2"}],"collection":[{"href":"https:\/\/saintejeannedarc-lamarne.fr\/index.php?rest_route=\/wp\/v2\/pages"}],"about":[{"href":"https:\/\/saintejeannedarc-lamarne.fr\/index.php?rest_route=\/wp\/v2\/types\/page"}],"author":[{"embeddable":true,"href":"https:\/\/saintejeannedarc-lamarne.fr\/index.php?rest_route=\/wp\/v2\/users\/1"}],"replies":[{"embeddable":true,"href":"https:\/\/saintejeannedarc-lamarne.fr\/index.php?rest_route=%2Fwp%2Fv2%2Fcomments&post=2"}],"version-history":[{"count":272,"href":"https:\/\/saintejeannedarc-lamarne.fr\/index.php?rest_route=\/wp\/v2\/pages\/2\/revisions"}],"predecessor-version":[{"id":7678,"href":"https:\/\/saintejeannedarc-lamarne.fr\/index.php?rest_route=\/wp\/v2\/pages\/2\/revisions\/7678"}],"wp:attachment":[{"href":"https:\/\/saintejeannedarc-lamarne.fr\/index.php?rest_route=%2Fwp%2Fv2%2Fmedia&parent=2"}],"curies":[{"name":"wp","href":"https:\/\/api.w.org\/{rel}","templated":true}]}}