{"id":1913,"date":"2018-10-20T15:16:47","date_gmt":"2018-10-20T14:16:47","guid":{"rendered":"https:\/\/saintejeannedarc-lamarne.fr\/?page_id=1913"},"modified":"2018-11-02T10:10:41","modified_gmt":"2018-11-02T09:10:41","slug":"les-temps-forts-de-lapel-2018-2019","status":"publish","type":"page","link":"https:\/\/saintejeannedarc-lamarne.fr\/?page_id=1913","title":{"rendered":"Les temps forts de l&#8217;APEL 2018-2019"},"content":{"rendered":"<p style=\"text-align: justify;\">Depuis sa cr\u00e9ation, L\u2019association a vu de nombreux parents s\u2019investir pour le bonheur \u00a0de leurs enfants. Des manifestations ont vu le jour \u00a0comme la kermesse, le march\u00e9 de printemps ou encore le loto\u2026.. Voici les grandes lignes\u00a0 des \u00e9v\u00e8nements \u00e0 venir pour 2018-2019 :<\/p>\n<ul>\n<li><strong><span style=\"color: #00ccff;\">VENTE DE JUS DE POMME<\/span><\/strong><\/li>\n<\/ul>\n<p>Compte-tenu du franc succ\u00e8s de l&#8217;ann\u00e9e pass\u00e9e, nous renouvelons l&#8217;op\u00e9ration jus de pomme.\u00a0Nous avons travaill\u00e9 avec un artisan-producteur local pour mettre en bouteille pr\u00e8s de 500 litres de jus de pomme. L&#8217;ann\u00e9e derni\u00e8re, ce sont 400 litres qui se sont \u00e9coul\u00e9s tr\u00e8s rapidement !<\/p>\n<ul>\n<li><span style=\"color: #00ccff;\"><span style=\"color: #00ccff;\"><b>ASSEMBL\u00c9E<\/b><\/span><b style=\"color: #00ccff;\">\u00a0<\/b><\/span><span style=\"color: #00ccff;\"><b>G\u00c9N\u00c9RALE APEL\/OGEC\/ECOLE<\/b><\/span><\/li>\n<\/ul>\n<p style=\"text-align: justify;\">L&#8217;Assembl\u00e9e G\u00e9n\u00e9rale, organis\u00e9e conjointement avec l&#8217;OGEC et l&#8217;\u00e9cole, est l&#8217;occasion de vous pr\u00e9senter les r\u00e9sultats des diff\u00e9rentes manifestations organis\u00e9es l&#8217;ann\u00e9e derni\u00e8re. C&#8217;est aussi l&#8217;occasion pour les parents de venir \u00e0 notre rencontre, se faire conna\u00eetre, et pourquoi pas, venir nous rejoindre. Vos id\u00e9es, votre b\u00e9n\u00e9volat sont indispensables au maintien de nos associations et \u00e0 la vie de notre \u00e9cole. L&#8217;AG aura lieu le <span style=\"color: #800080;\"><strong>vendredi 23 Novembre<\/strong><\/span> \u00e0 partir de 20h00. Nous comptons sur vous !<\/p>\n<ul>\n<li><span style=\"color: #00ccff;\"><strong>VENTE DE SAPINS DE NO\u00cbL<\/strong><\/span><\/li>\n<\/ul>\n<p>C&#8217;est une nouveaut\u00e9 ! En novembre prochain nous allons proposer \u00e0 la vente, des sapins de vari\u00e9t\u00e9 Nordmann, de 4 tailles diff\u00e9rentes.<\/p>\n<ul>\n<li><span style=\"color: #00ccff;\"><strong>VENTE\u00a0 DE\u00a0<\/strong><\/span><span style=\"color: #00ccff;\"><b>HU\u00ceTRES<\/b><\/span><\/li>\n<\/ul>\n<p style=\"text-align: justify;\">A l\u2019occasion des f\u00eates et en partenariat avec un producteur local, nous proposons une vente d\u2019hu\u00eetres pour no\u00ebl et le nouvel an. Cette initiative, mise en place l&#8217;ann\u00e9e derni\u00e8re, a rencontr\u00e9 \u00e9galement un franc succ\u00e8s. Nous renouvelons donc l&#8217;op\u00e9ration.<\/p>\n<ul>\n<li><span style=\"color: #00ccff;\"><strong>VENTE DE CHOCOLATS<\/strong><\/span><\/li>\n<\/ul>\n<p>Les f\u00eates, c&#8217;est aussi l&#8217;occasion de d\u00e9guster des chocolats, offrir ou faire plaisir, \u00e0 vous de choisir. Nous vous proposerons une vente de chocolat pour cette fin d&#8217;ann\u00e9e 2018.<\/p>\n<ul>\n<li><span style=\"color: #00ccff;\"><strong>L&#8217;ARBRE DE NO\u00cbL\u00a0<\/strong><\/span><\/li>\n<\/ul>\n<p style=\"text-align: justify;\">L&#8217;APEL offrira aux enfants, en janvier prochain, un spectacle de No\u00ebl sur le temps scolaire.\u00a0 En attendant, la soir\u00e9e du\u00a0<strong><span style=\"color: #800080;\">vendredi 7 d\u00e9cembre 2018<\/span><\/strong>,\u00a0 sera l&#8217;occasion pour les enfants de proposer un spectacle aux parents. Sans oublier la traditionnelle photo avec le P\u00e8re-No\u00ebl !<\/p>\n<ul>\n<li><span style=\"color: #00ccff;\"><strong>LE MARCHE DE NO\u00cbL\u00a0<\/strong><\/span><\/li>\n<\/ul>\n<p>Pour cette troisi\u00e8me \u00e9dition,\u00a0 le\u00a0<span style=\"color: #800080;\"><strong> samedi 8 d\u00e9cembre 2018<\/strong> <\/span>de 10h00 \u00e0 22h00 , nous avons tenir un stand en proposant la vente de cr\u00eapes, paninis, et saucissons aux saveurs vari\u00e9es.\u00a0Nous vous attendons nombreux !<\/p>\n<ul>\n<li><span style=\"color: #00ccff;\"><strong>LOTO\u00a0<\/strong><\/span><\/li>\n<\/ul>\n<p style=\"text-align: justify;\">Cette nouvelle \u00e9dition du Loto aura lieu <span style=\"color: #800080;\"><strong>dimanche 10 mars 2019<\/strong><\/span> . Venez tenter votre chance pour gagner de nombreux et jolis lots. Compte-tenu du fort taux de participation l&#8217;ann\u00e9e derni\u00e8re, nous vous recommandons vivement de r\u00e9server votre place.<\/p>\n<ul>\n<li><strong><span style=\"color: #00ccff;\">MARCHE DE PRINTEMPS &amp; CARNAVAL\u00a0<\/span><\/strong><\/li>\n<\/ul>\n<p style=\"text-align: justify;\">Pour cette nouvelle \u00e9dition, nous allons sollicit\u00e9 les enfants en APC pour mettre en culture des plants qui vous seront propos\u00e9s \u00e0 la vente lors de la matin\u00e9e du <strong><span style=\"color: #800080;\">samedi 27 avril 2019<\/span><\/strong> . Ce sera l&#8217;occasion aussi pour les enfants de venir f\u00eater le carnaval. Venez\u00a0 nombreux !<\/p>\n<ul>\n<li><span style=\"color: #00ccff;\"><strong>KERMESSE<\/strong><\/span><\/li>\n<\/ul>\n<p>Nous cl\u00f4turerons cette ann\u00e9e par la traditionnelle Kermesse le <strong><span style=\"color: #800080;\">samedi 15 JUIN 2019.<\/span><\/strong><\/p>\n<p>&nbsp;<\/p>\n<p>\u2026 ET pour suivre notre activit\u00e9 au travers d\u2019articles cliquez sur ce\u00a0<a href=\"https:\/\/saintejeannedarc-lamarne.fr\/?cat=15\" data-slimstat=\"5\">lien<\/a><\/p>\n<p><a href=\"https:\/\/saintejeannedarc-lamarne.fr\/wp-content\/uploads\/2018\/10\/FRISE-APEL.png\"><img loading=\"lazy\" decoding=\"async\" class=\" wp-image-1930 aligncenter\" src=\"https:\/\/saintejeannedarc-lamarne.fr\/wp-content\/uploads\/2018\/10\/FRISE-APEL.png\" alt=\"\" width=\"792\" height=\"443\" srcset=\"https:\/\/saintejeannedarc-lamarne.fr\/wp-content\/uploads\/2018\/10\/FRISE-APEL.png 1036w, https:\/\/saintejeannedarc-lamarne.fr\/wp-content\/uploads\/2018\/10\/FRISE-APEL-300x168.png 300w, https:\/\/saintejeannedarc-lamarne.fr\/wp-content\/uploads\/2018\/10\/FRISE-APEL-768x429.png 768w, https:\/\/saintejeannedarc-lamarne.fr\/wp-content\/uploads\/2018\/10\/FRISE-APEL-1024x572.png 1024w\" sizes=\"(max-width: 792px) 100vw, 792px\" \/><\/a><\/p>\n","protected":false},"excerpt":{"rendered":"<p>Depuis sa cr\u00e9ation, L\u2019association a vu de nombreux parents s\u2019investir pour le bonheur \u00a0de leurs enfants. Des manifestations ont vu le jour \u00a0comme la kermesse, le march\u00e9 de printemps ou encore le loto\u2026.. Voici les grandes lignes\u00a0 des \u00e9v\u00e8nements \u00e0 venir pour 2018-2019 : VENTE DE JUS DE POMME Compte-tenu du franc succ\u00e8s de l&#8217;ann\u00e9e<\/p>\n<p><a href=\"https:\/\/saintejeannedarc-lamarne.fr\/?page_id=1913\" class=\"more-link themebutton\">Lire la suite<\/a><\/p>\n","protected":false},"author":11,"featured_media":0,"parent":133,"menu_order":3,"comment_status":"closed","ping_status":"closed","template":"","meta":{"ngg_post_thumbnail":0,"footnotes":""},"_links":{"self":[{"href":"https:\/\/saintejeannedarc-lamarne.fr\/index.php?rest_route=\/wp\/v2\/pages\/1913"}],"collection":[{"href":"https:\/\/saintejeannedarc-lamarne.fr\/index.php?rest_route=\/wp\/v2\/pages"}],"about":[{"href":"https:\/\/saintejeannedarc-lamarne.fr\/index.php?rest_route=\/wp\/v2\/types\/page"}],"author":[{"embeddable":true,"href":"https:\/\/saintejeannedarc-lamarne.fr\/index.php?rest_route=\/wp\/v2\/users\/11"}],"replies":[{"embeddable":true,"href":"https:\/\/saintejeannedarc-lamarne.fr\/index.php?rest_route=%2Fwp%2Fv2%2Fcomments&post=1913"}],"version-history":[{"count":20,"href":"https:\/\/saintejeannedarc-lamarne.fr\/index.php?rest_route=\/wp\/v2\/pages\/1913\/revisions"}],"predecessor-version":[{"id":1949,"href":"https:\/\/saintejeannedarc-lamarne.fr\/index.php?rest_route=\/wp\/v2\/pages\/1913\/revisions\/1949"}],"up":[{"embeddable":true,"href":"https:\/\/saintejeannedarc-lamarne.fr\/index.php?rest_route=\/wp\/v2\/pages\/133"}],"wp:attachment":[{"href":"https:\/\/saintejeannedarc-lamarne.fr\/index.php?rest_route=%2Fwp%2Fv2%2Fmedia&parent=1913"}],"curies":[{"name":"wp","href":"https:\/\/api.w.org\/{rel}","templated":true}]}}