{"id":1584,"date":"2018-02-20T14:11:39","date_gmt":"2018-02-20T13:11:39","guid":{"rendered":"https:\/\/saintejeannedarc-lamarne.fr\/?page_id=1584"},"modified":"2018-03-03T11:09:56","modified_gmt":"2018-03-03T10:09:56","slug":"archives","status":"publish","type":"page","link":"https:\/\/saintejeannedarc-lamarne.fr\/?page_id=1584","title":{"rendered":"Souvenirs d&#8217;antan"},"content":{"rendered":"<p>Quelques souvenirs de manifestations qui se sont d\u00e9roul\u00e9es \u00e0 l&#8217;\u00e9cole<\/p>\n<p><a href=\"https:\/\/saintejeannedarc-lamarne.fr\/wp-content\/uploads\/2018\/02\/d\u00e9fil\u00e9-de-chars.jpg\"><img loading=\"lazy\" decoding=\"async\" class=\"alignnone size-medium wp-image-1634\" src=\"https:\/\/saintejeannedarc-lamarne.fr\/wp-content\/uploads\/2018\/02\/d\u00e9fil\u00e9-de-chars-205x300.jpg\" alt=\"\" width=\"205\" height=\"300\" srcset=\"https:\/\/saintejeannedarc-lamarne.fr\/wp-content\/uploads\/2018\/02\/d\u00e9fil\u00e9-de-chars-205x300.jpg 205w, https:\/\/saintejeannedarc-lamarne.fr\/wp-content\/uploads\/2018\/02\/d\u00e9fil\u00e9-de-chars-768x1124.jpg 768w, https:\/\/saintejeannedarc-lamarne.fr\/wp-content\/uploads\/2018\/02\/d\u00e9fil\u00e9-de-chars-699x1024.jpg 699w, https:\/\/saintejeannedarc-lamarne.fr\/wp-content\/uploads\/2018\/02\/d\u00e9fil\u00e9-de-chars.jpg 776w\" sizes=\"(max-width: 205px) 100vw, 205px\" \/>\u00a0\u00a0<\/a><a href=\"https:\/\/saintejeannedarc-lamarne.fr\/wp-content\/uploads\/2018\/02\/deux-jours-de-Kermesse.jpg\"><img loading=\"lazy\" decoding=\"async\" class=\"alignnone size-medium wp-image-1635\" src=\"https:\/\/saintejeannedarc-lamarne.fr\/wp-content\/uploads\/2018\/02\/deux-jours-de-Kermesse-300x185.jpg\" alt=\"\" width=\"300\" height=\"185\" srcset=\"https:\/\/saintejeannedarc-lamarne.fr\/wp-content\/uploads\/2018\/02\/deux-jours-de-Kermesse-300x185.jpg 300w, https:\/\/saintejeannedarc-lamarne.fr\/wp-content\/uploads\/2018\/02\/deux-jours-de-Kermesse-768x474.jpg 768w, https:\/\/saintejeannedarc-lamarne.fr\/wp-content\/uploads\/2018\/02\/deux-jours-de-Kermesse-1024x632.jpg 1024w, https:\/\/saintejeannedarc-lamarne.fr\/wp-content\/uploads\/2018\/02\/deux-jours-de-Kermesse.jpg 1177w\" sizes=\"(max-width: 300px) 100vw, 300px\" \/>\u00a0\u00a0<\/a><a href=\"https:\/\/saintejeannedarc-lamarne.fr\/wp-content\/uploads\/2018\/02\/la-f\u00eate-du-sport.jpg\"><img loading=\"lazy\" decoding=\"async\" class=\"alignnone size-medium wp-image-1637\" src=\"https:\/\/saintejeannedarc-lamarne.fr\/wp-content\/uploads\/2018\/02\/la-f\u00eate-du-sport-252x300.jpg\" alt=\"\" width=\"252\" height=\"300\" srcset=\"https:\/\/saintejeannedarc-lamarne.fr\/wp-content\/uploads\/2018\/02\/la-f\u00eate-du-sport-252x300.jpg 252w, https:\/\/saintejeannedarc-lamarne.fr\/wp-content\/uploads\/2018\/02\/la-f\u00eate-du-sport-768x914.jpg 768w, https:\/\/saintejeannedarc-lamarne.fr\/wp-content\/uploads\/2018\/02\/la-f\u00eate-du-sport.jpg 799w\" sizes=\"(max-width: 252px) 100vw, 252px\" \/>\u00a0\u00a0<\/a><a href=\"https:\/\/saintejeannedarc-lamarne.fr\/wp-content\/uploads\/2018\/02\/olympiades.jpg\"><img loading=\"lazy\" decoding=\"async\" class=\"alignnone size-medium wp-image-1638\" src=\"https:\/\/saintejeannedarc-lamarne.fr\/wp-content\/uploads\/2018\/02\/olympiades-300x219.jpg\" alt=\"\" width=\"300\" height=\"219\" srcset=\"https:\/\/saintejeannedarc-lamarne.fr\/wp-content\/uploads\/2018\/02\/olympiades-300x219.jpg 300w, https:\/\/saintejeannedarc-lamarne.fr\/wp-content\/uploads\/2018\/02\/olympiades-768x561.jpg 768w, https:\/\/saintejeannedarc-lamarne.fr\/wp-content\/uploads\/2018\/02\/olympiades-1024x748.jpg 1024w, https:\/\/saintejeannedarc-lamarne.fr\/wp-content\/uploads\/2018\/02\/olympiades.jpg 1173w\" sizes=\"(max-width: 300px) 100vw, 300px\" \/><\/a><\/p>\n<p><a href=\"https:\/\/saintejeannedarc-lamarne.fr\/wp-content\/uploads\/2018\/02\/la-kermesse-des-\u00e9coles.jpg\"><img loading=\"lazy\" decoding=\"async\" class=\"alignnone size-medium wp-image-1639\" src=\"https:\/\/saintejeannedarc-lamarne.fr\/wp-content\/uploads\/2018\/02\/la-kermesse-des-\u00e9coles-300x187.jpg\" alt=\"\" width=\"300\" height=\"187\" srcset=\"https:\/\/saintejeannedarc-lamarne.fr\/wp-content\/uploads\/2018\/02\/la-kermesse-des-\u00e9coles-300x187.jpg 300w, https:\/\/saintejeannedarc-lamarne.fr\/wp-content\/uploads\/2018\/02\/la-kermesse-des-\u00e9coles-768x479.jpg 768w, https:\/\/saintejeannedarc-lamarne.fr\/wp-content\/uploads\/2018\/02\/la-kermesse-des-\u00e9coles-1024x639.jpg 1024w, https:\/\/saintejeannedarc-lamarne.fr\/wp-content\/uploads\/2018\/02\/la-kermesse-des-\u00e9coles.jpg 1419w\" sizes=\"(max-width: 300px) 100vw, 300px\" \/><\/a>\u00a0<a href=\"https:\/\/saintejeannedarc-lamarne.fr\/wp-content\/uploads\/2018\/02\/Le-char-Alsace.jpg\"><img loading=\"lazy\" decoding=\"async\" class=\"alignnone size-medium wp-image-1640\" src=\"https:\/\/saintejeannedarc-lamarne.fr\/wp-content\/uploads\/2018\/02\/Le-char-Alsace-245x300.jpg\" alt=\"\" width=\"245\" height=\"300\" srcset=\"https:\/\/saintejeannedarc-lamarne.fr\/wp-content\/uploads\/2018\/02\/Le-char-Alsace-245x300.jpg 245w, https:\/\/saintejeannedarc-lamarne.fr\/wp-content\/uploads\/2018\/02\/Le-char-Alsace-768x942.jpg 768w, https:\/\/saintejeannedarc-lamarne.fr\/wp-content\/uploads\/2018\/02\/Le-char-Alsace.jpg 769w\" sizes=\"(max-width: 245px) 100vw, 245px\" \/><\/a><\/p>\n<p><a href=\"https:\/\/saintejeannedarc-lamarne.fr\/wp-content\/uploads\/2018\/02\/il-est-mort-le-grand-arbre.jpg\"><img loading=\"lazy\" decoding=\"async\" class=\"alignnone size-medium wp-image-1641\" src=\"https:\/\/saintejeannedarc-lamarne.fr\/wp-content\/uploads\/2018\/02\/il-est-mort-le-grand-arbre-300x256.jpg\" alt=\"\" width=\"300\" height=\"256\" srcset=\"https:\/\/saintejeannedarc-lamarne.fr\/wp-content\/uploads\/2018\/02\/il-est-mort-le-grand-arbre-300x256.jpg 300w, https:\/\/saintejeannedarc-lamarne.fr\/wp-content\/uploads\/2018\/02\/il-est-mort-le-grand-arbre-768x656.jpg 768w, https:\/\/saintejeannedarc-lamarne.fr\/wp-content\/uploads\/2018\/02\/il-est-mort-le-grand-arbre-1024x875.jpg 1024w, https:\/\/saintejeannedarc-lamarne.fr\/wp-content\/uploads\/2018\/02\/il-est-mort-le-grand-arbre.jpg 1110w\" sizes=\"(max-width: 300px) 100vw, 300px\" \/><\/a>\u00a0\u00a0<a href=\"https:\/\/saintejeannedarc-lamarne.fr\/wp-content\/uploads\/2018\/02\/larbre-de-la-libert\u00e9-a-\u00e9t\u00e9-plant\u00e9-21-MARS-89.jpg\"><img loading=\"lazy\" decoding=\"async\" class=\"alignnone size-medium wp-image-1642\" src=\"https:\/\/saintejeannedarc-lamarne.fr\/wp-content\/uploads\/2018\/02\/larbre-de-la-libert\u00e9-a-\u00e9t\u00e9-plant\u00e9-21-MARS-89-300x210.jpg\" alt=\"\" width=\"300\" height=\"210\" srcset=\"https:\/\/saintejeannedarc-lamarne.fr\/wp-content\/uploads\/2018\/02\/larbre-de-la-libert\u00e9-a-\u00e9t\u00e9-plant\u00e9-21-MARS-89-300x210.jpg 300w, https:\/\/saintejeannedarc-lamarne.fr\/wp-content\/uploads\/2018\/02\/larbre-de-la-libert\u00e9-a-\u00e9t\u00e9-plant\u00e9-21-MARS-89-768x538.jpg 768w, https:\/\/saintejeannedarc-lamarne.fr\/wp-content\/uploads\/2018\/02\/larbre-de-la-libert\u00e9-a-\u00e9t\u00e9-plant\u00e9-21-MARS-89-1024x718.jpg 1024w, https:\/\/saintejeannedarc-lamarne.fr\/wp-content\/uploads\/2018\/02\/larbre-de-la-libert\u00e9-a-\u00e9t\u00e9-plant\u00e9-21-MARS-89.jpg 1077w\" sizes=\"(max-width: 300px) 100vw, 300px\" \/><\/a><\/p>\n<p><a href=\"https:\/\/saintejeannedarc-lamarne.fr\/wp-content\/uploads\/2018\/02\/soleil-de-plomb-pour-la-kermesse.jpg\"><img loading=\"lazy\" decoding=\"async\" class=\"alignnone size-medium wp-image-1643\" src=\"https:\/\/saintejeannedarc-lamarne.fr\/wp-content\/uploads\/2018\/02\/soleil-de-plomb-pour-la-kermesse-300x228.jpg\" alt=\"\" width=\"300\" height=\"228\" srcset=\"https:\/\/saintejeannedarc-lamarne.fr\/wp-content\/uploads\/2018\/02\/soleil-de-plomb-pour-la-kermesse-300x228.jpg 300w, https:\/\/saintejeannedarc-lamarne.fr\/wp-content\/uploads\/2018\/02\/soleil-de-plomb-pour-la-kermesse-768x584.jpg 768w, https:\/\/saintejeannedarc-lamarne.fr\/wp-content\/uploads\/2018\/02\/soleil-de-plomb-pour-la-kermesse-1024x779.jpg 1024w, https:\/\/saintejeannedarc-lamarne.fr\/wp-content\/uploads\/2018\/02\/soleil-de-plomb-pour-la-kermesse.jpg 1537w\" sizes=\"(max-width: 300px) 100vw, 300px\" \/><\/a><\/p>\n","protected":false},"excerpt":{"rendered":"<p>Quelques souvenirs de manifestations qui se sont d\u00e9roul\u00e9es \u00e0 l&#8217;\u00e9cole \u00a0\u00a0\u00a0\u00a0\u00a0\u00a0 \u00a0 \u00a0\u00a0<\/p>\n","protected":false},"author":2,"featured_media":0,"parent":0,"menu_order":0,"comment_status":"closed","ping_status":"closed","template":"","meta":{"ngg_post_thumbnail":0,"footnotes":""},"_links":{"self":[{"href":"https:\/\/saintejeannedarc-lamarne.fr\/index.php?rest_route=\/wp\/v2\/pages\/1584"}],"collection":[{"href":"https:\/\/saintejeannedarc-lamarne.fr\/index.php?rest_route=\/wp\/v2\/pages"}],"about":[{"href":"https:\/\/saintejeannedarc-lamarne.fr\/index.php?rest_route=\/wp\/v2\/types\/page"}],"author":[{"embeddable":true,"href":"https:\/\/saintejeannedarc-lamarne.fr\/index.php?rest_route=\/wp\/v2\/users\/2"}],"replies":[{"embeddable":true,"href":"https:\/\/saintejeannedarc-lamarne.fr\/index.php?rest_route=%2Fwp%2Fv2%2Fcomments&post=1584"}],"version-history":[{"count":5,"href":"https:\/\/saintejeannedarc-lamarne.fr\/index.php?rest_route=\/wp\/v2\/pages\/1584\/revisions"}],"predecessor-version":[{"id":1633,"href":"https:\/\/saintejeannedarc-lamarne.fr\/index.php?rest_route=\/wp\/v2\/pages\/1584\/revisions\/1633"}],"wp:attachment":[{"href":"https:\/\/saintejeannedarc-lamarne.fr\/index.php?rest_route=%2Fwp%2Fv2%2Fmedia&parent=1584"}],"curies":[{"name":"wp","href":"https:\/\/api.w.org\/{rel}","templated":true}]}}