{"id":1581,"date":"2018-02-20T14:11:27","date_gmt":"2018-02-20T13:11:27","guid":{"rendered":"https:\/\/saintejeannedarc-lamarne.fr\/?page_id=1581"},"modified":"2018-04-13T08:56:26","modified_gmt":"2018-04-13T07:56:26","slug":"les-temps-forts-2017-2018","status":"publish","type":"page","link":"https:\/\/saintejeannedarc-lamarne.fr\/?page_id=1581","title":{"rendered":"Les temps forts 2017-2018"},"content":{"rendered":"<p><span style=\"font-weight: 400;\">Depuis sa cr\u00e9ation, L\u2019association a vu de nombreux parents s\u2019investir pour le bonheur \u00a0de leurs enfants. Des manifestations ont vu le jour \u00a0comme la kermesse, la f\u00eate de No\u00ebl ou encore le loto\u2026.. Voici les grandes lignes pour 2017-2018 :<\/span><\/p>\n<ul style=\"list-style-type: disc;\">\n<li><span style=\"color: #00ccff;\"><strong>NOUVEAU LOGO\u00a0<\/strong><\/span><\/li>\n<\/ul>\n<p><span style=\"font-weight: 400;\">Nous avons personnalis\u00e9 le logo de l\u2019APEL,<\/span><\/p>\n<p><a href=\"https:\/\/saintejeannedarc-lamarne.fr\/wp-content\/uploads\/2018\/02\/rectanglelogo-apel.png\"><img loading=\"lazy\" decoding=\"async\" class=\"wp-image-1597 aligncenter\" src=\"https:\/\/saintejeannedarc-lamarne.fr\/wp-content\/uploads\/2018\/02\/rectanglelogo-apel-300x154.png\" alt=\"\" width=\"210\" height=\"108\" srcset=\"https:\/\/saintejeannedarc-lamarne.fr\/wp-content\/uploads\/2018\/02\/rectanglelogo-apel-300x154.png 300w, https:\/\/saintejeannedarc-lamarne.fr\/wp-content\/uploads\/2018\/02\/rectanglelogo-apel.png 648w\" sizes=\"(max-width: 210px) 100vw, 210px\" \/><\/a><\/p>\n<ul style=\"list-style-type: disc;\">\n<li><span style=\"color: #00ccff;\"><strong>FACEBOOK <\/strong><\/span><\/li>\n<\/ul>\n<p><span style=\"font-weight: 400;\">Nous avons enfin notre page ! <\/span><a href=\"https:\/\/www.facebook.com\/APEL.LaMarne\/\"><span style=\"font-weight: 400;\">https:\/\/www.facebook.com\/APEL.LaMarne\/<\/span><\/a><\/p>\n<p><span style=\"font-weight: 400;\"><a href=\"https:\/\/saintejeannedarc-lamarne.fr\/wp-content\/uploads\/2018\/02\/facebook.jpg\"><img loading=\"lazy\" decoding=\"async\" class=\"wp-image-1613 aligncenter\" src=\"https:\/\/saintejeannedarc-lamarne.fr\/wp-content\/uploads\/2018\/02\/facebook-300x119.jpg\" alt=\"\" width=\"295\" height=\"117\" srcset=\"https:\/\/saintejeannedarc-lamarne.fr\/wp-content\/uploads\/2018\/02\/facebook-300x119.jpg 300w, https:\/\/saintejeannedarc-lamarne.fr\/wp-content\/uploads\/2018\/02\/facebook-768x304.jpg 768w, https:\/\/saintejeannedarc-lamarne.fr\/wp-content\/uploads\/2018\/02\/facebook.jpg 1024w\" sizes=\"(max-width: 295px) 100vw, 295px\" \/><\/a><\/span><\/p>\n<p><span style=\"font-weight: 400;\">Aimez-nous !\u00a0 \u00a0<a href=\"https:\/\/saintejeannedarc-lamarne.fr\/wp-content\/uploads\/2018\/02\/Facebook_like_thumb.png\"><img loading=\"lazy\" decoding=\"async\" class=\"alignnone wp-image-1612\" src=\"https:\/\/saintejeannedarc-lamarne.fr\/wp-content\/uploads\/2018\/02\/Facebook_like_thumb-150x150.png\" alt=\"\" width=\"23\" height=\"23\" \/><\/a><\/span><\/p>\n<ul style=\"list-style-type: disc;\">\n<li><strong><span style=\"color: #00ccff;\">VENTE DE JUS DE POMME<\/span><\/strong><\/li>\n<\/ul>\n<p><span style=\"font-weight: 400;\">Une premi\u00e8re ! Nous avons travaill\u00e9 avec un artisan-producteur local pour mettre en bouteille pr\u00e8s de 400 litres de jus de pomme \u00e9dition \u201cGourmandise\u201d.\u00a0<\/span><span style=\"font-weight: 400;\">Victime de notre succ\u00e8s, nous avons \u00e9puis\u00e9 tout notre \u00a0stock !<\/span><\/p>\n<p><a href=\"https:\/\/saintejeannedarc-lamarne.fr\/wp-content\/uploads\/2018\/02\/JUS-DE-POMME-2017.jpg\"><img loading=\"lazy\" decoding=\"async\" class=\"size-medium wp-image-1614 aligncenter\" src=\"https:\/\/saintejeannedarc-lamarne.fr\/wp-content\/uploads\/2018\/02\/JUS-DE-POMME-2017-300x100.jpg\" alt=\"\" width=\"300\" height=\"100\" srcset=\"https:\/\/saintejeannedarc-lamarne.fr\/wp-content\/uploads\/2018\/02\/JUS-DE-POMME-2017-300x100.jpg 300w, https:\/\/saintejeannedarc-lamarne.fr\/wp-content\/uploads\/2018\/02\/JUS-DE-POMME-2017-768x257.jpg 768w, https:\/\/saintejeannedarc-lamarne.fr\/wp-content\/uploads\/2018\/02\/JUS-DE-POMME-2017-1024x343.jpg 1024w, https:\/\/saintejeannedarc-lamarne.fr\/wp-content\/uploads\/2018\/02\/JUS-DE-POMME-2017.jpg 1369w\" sizes=\"(max-width: 300px) 100vw, 300px\" \/><\/a><\/p>\n<ul style=\"list-style-type: disc;\">\n<li><span style=\"color: #00ccff;\"><strong>VENTE D&#8217;HU\u00ceTRES <\/strong><\/span><\/li>\n<\/ul>\n<p><span style=\"font-weight: 400;\">A l\u2019occasion des f\u00eates et en partenariat avec un producteur local, nous avons propos\u00e9 une vente d\u2019hu\u00eetres pour no\u00ebl et le nouvel an.\u00a0<\/span><span style=\"font-weight: 400;\">Un franc succ\u00e8s !\u00a0 \ud83d\ude1b\u00a0<\/span><\/p>\n<ul style=\"list-style-type: disc;\">\n<li><span style=\"color: #00ccff;\"><strong>L\u2019ARBRE DE NOEL<\/strong><\/span><\/li>\n<\/ul>\n<p><span style=\"font-weight: 400;\">Pour la deuxi\u00e8me ann\u00e9e cons\u00e9cutive, un spectacle a \u00e9t\u00e9 propos\u00e9 aux enfants.\u00a0<\/span><span style=\"font-weight: 400;\">S\u2019en est suivi les chants traditionnels de No\u00ebl de nos ch\u00e8res t\u00eates blondes !<\/span><\/p>\n<ul style=\"list-style-type: disc;\">\n<li><span style=\"color: #00ccff;\"><strong>MARCHE DE NOEL <\/strong><\/span><\/li>\n<\/ul>\n<p><span style=\"font-weight: 400;\">Pour cette deuxi\u00e8me \u00e9dition, nous avons tenu un stand en proposant la vente de cr\u00eapes, paninis, et saucissons aux saveurs vari\u00e9es.\u00a0<\/span><span style=\"font-weight: 400;\">Malgr\u00e9 la temp\u00eate, la bonne humeur \u00e9tait au rendez-vous.<\/span><\/p>\n<ul style=\"list-style-type: disc;\">\n<li><span style=\"color: #00ccff;\"><strong>LOTO <\/strong><\/span><\/li>\n<\/ul>\n<p><span style=\"font-weight: 400;\">La seconde \u00e9dition a eu lieu le dimanche 11 mars . Pr\u00e8s de 290 participants ont r\u00e9pondu pr\u00e9sents pour tenter sa chance et gagner de nombreux lots.\u00a0Ce fut un tr\u00e8s bon moment de convivialit\u00e9 et une belle r\u00e9ussite.\u00a0<\/span><\/p>\n<p><a href=\"https:\/\/saintejeannedarc-lamarne.fr\/wp-content\/uploads\/2018\/02\/AFFICHE-LOTO.jpg\"><img loading=\"lazy\" decoding=\"async\" class=\"size-thumbnail wp-image-1646 aligncenter\" src=\"https:\/\/saintejeannedarc-lamarne.fr\/wp-content\/uploads\/2018\/02\/AFFICHE-LOTO-150x150.jpg\" alt=\"\" width=\"150\" height=\"150\" \/><\/a><\/p>\n<ul style=\"list-style-type: disc;\">\n<li><strong><span style=\"color: #00ccff;\">MARCHE DE PRINTEMPS<\/span><\/strong><\/li>\n<\/ul>\n<p><span style=\"font-weight: 400;\">Pour cette ann\u00e9e, nous avons sollicit\u00e9 les enfants en APC pour mettre en culture des plants qui vous seront propos\u00e9s \u00e0 la vente lors de la matin\u00e9e du samedi 21 avril \u00e0 partir de 10h00. Venez\u00a0 nombreux !\u00a0<\/span><\/p>\n<ul style=\"list-style-type: disc;\">\n<li><span style=\"color: #00ccff;\"><strong>KERMESSE<\/strong><\/span><\/li>\n<\/ul>\n<p><span style=\"font-weight: 400;\">Pour cette ann\u00e9e, Le char fait son grand retour ! venez le d\u00e9couvrir lors du d\u00e9fil\u00e9 de nos enfants le 16 juin !<\/span><\/p>\n<p><span style=\"color: #0000ff;\">&#8230; ET pour suivre notre activit\u00e9 au travers d&#8217;articles cliquez sur ce<span style=\"color: #800080;\">\u00a0<a style=\"color: #800080;\" href=\"https:\/\/saintejeannedarc-lamarne.fr\/?cat=15\">lien<\/a><\/span><\/span><\/p>\n<p>&nbsp;<\/p>\n<p><a href=\"https:\/\/saintejeannedarc-lamarne.fr\/wp-content\/uploads\/2018\/02\/FRISE-2017-2018.jpg\"><img loading=\"lazy\" decoding=\"async\" class=\"size-full wp-image-1615 aligncenter\" src=\"https:\/\/saintejeannedarc-lamarne.fr\/wp-content\/uploads\/2018\/02\/FRISE-2017-2018.jpg\" alt=\"\" width=\"870\" height=\"599\" srcset=\"https:\/\/saintejeannedarc-lamarne.fr\/wp-content\/uploads\/2018\/02\/FRISE-2017-2018.jpg 870w, https:\/\/saintejeannedarc-lamarne.fr\/wp-content\/uploads\/2018\/02\/FRISE-2017-2018-300x207.jpg 300w, https:\/\/saintejeannedarc-lamarne.fr\/wp-content\/uploads\/2018\/02\/FRISE-2017-2018-768x529.jpg 768w\" sizes=\"(max-width: 870px) 100vw, 870px\" \/><\/a><\/p>\n<p>&nbsp;<\/p>\n","protected":false},"excerpt":{"rendered":"<p>Depuis sa cr\u00e9ation, L\u2019association a vu de nombreux parents s\u2019investir pour le bonheur \u00a0de leurs enfants. Des manifestations ont vu le jour \u00a0comme la kermesse, la f\u00eate de No\u00ebl ou encore le loto\u2026.. Voici les grandes lignes pour 2017-2018 : NOUVEAU LOGO\u00a0 Nous avons personnalis\u00e9 le logo de l\u2019APEL, FACEBOOK Nous avons enfin notre page<\/p>\n<p><a href=\"https:\/\/saintejeannedarc-lamarne.fr\/?page_id=1581\" class=\"more-link themebutton\">Lire la suite<\/a><\/p>\n","protected":false},"author":2,"featured_media":0,"parent":0,"menu_order":0,"comment_status":"closed","ping_status":"closed","template":"","meta":{"ngg_post_thumbnail":0,"footnotes":""},"_links":{"self":[{"href":"https:\/\/saintejeannedarc-lamarne.fr\/index.php?rest_route=\/wp\/v2\/pages\/1581"}],"collection":[{"href":"https:\/\/saintejeannedarc-lamarne.fr\/index.php?rest_route=\/wp\/v2\/pages"}],"about":[{"href":"https:\/\/saintejeannedarc-lamarne.fr\/index.php?rest_route=\/wp\/v2\/types\/page"}],"author":[{"embeddable":true,"href":"https:\/\/saintejeannedarc-lamarne.fr\/index.php?rest_route=\/wp\/v2\/users\/2"}],"replies":[{"embeddable":true,"href":"https:\/\/saintejeannedarc-lamarne.fr\/index.php?rest_route=%2Fwp%2Fv2%2Fcomments&post=1581"}],"version-history":[{"count":23,"href":"https:\/\/saintejeannedarc-lamarne.fr\/index.php?rest_route=\/wp\/v2\/pages\/1581\/revisions"}],"predecessor-version":[{"id":1746,"href":"https:\/\/saintejeannedarc-lamarne.fr\/index.php?rest_route=\/wp\/v2\/pages\/1581\/revisions\/1746"}],"wp:attachment":[{"href":"https:\/\/saintejeannedarc-lamarne.fr\/index.php?rest_route=%2Fwp%2Fv2%2Fmedia&parent=1581"}],"curies":[{"name":"wp","href":"https:\/\/api.w.org\/{rel}","templated":true}]}}