{"id":1575,"date":"2018-02-20T14:09:21","date_gmt":"2018-02-20T13:09:21","guid":{"rendered":"https:\/\/saintejeannedarc-lamarne.fr\/?page_id=1575"},"modified":"2019-10-05T12:44:16","modified_gmt":"2019-10-05T11:44:16","slug":"cest-quoi-lapel","status":"publish","type":"page","link":"https:\/\/saintejeannedarc-lamarne.fr\/?page_id=1575","title":{"rendered":"C&#8217;est quoi l&#8217;APEL"},"content":{"rendered":"<p><a href=\"https:\/\/saintejeannedarc-lamarne.fr\/wp-content\/uploads\/2018\/02\/rectanglelogo-apel.png\"><img loading=\"lazy\" decoding=\"async\" class=\"wp-image-1597 aligncenter\" src=\"https:\/\/saintejeannedarc-lamarne.fr\/wp-content\/uploads\/2018\/02\/rectanglelogo-apel.png\" alt=\"\" width=\"298\" height=\"153\" srcset=\"https:\/\/saintejeannedarc-lamarne.fr\/wp-content\/uploads\/2018\/02\/rectanglelogo-apel.png 648w, https:\/\/saintejeannedarc-lamarne.fr\/wp-content\/uploads\/2018\/02\/rectanglelogo-apel-300x154.png 300w\" sizes=\"(max-width: 298px) 100vw, 298px\" \/><\/a><\/p>\n<p><strong><span style=\"color: #0000ff;\">QUI ?<\/span><\/strong><\/p>\n<p style=\"text-align: justify;\">Nous sommes une association de Parents d&#8217;\u00c9l\u00e8ve qui a vu le jour en 2007. Notre association compl\u00e8te les organisations d\u00e9j\u00e0 existantes (OGEC et l\u2019\u00e9cole elle-m\u00eame).<\/p>\n<p>&nbsp;<\/p>\n<p><span style=\"color: #0000ff;\"><strong>QUOI ?<\/strong><\/span><\/p>\n<ul style=\"list-style-type: disc;\">\n<li style=\"text-align: justify;\">Nous repr\u00e9sentons les familles au sein de l\u2019\u00e9cole. Nous pouvons assurer un lien avec l\u2019\u00e9cole.<\/li>\n<li style=\"text-align: justify;\">Nous permettons surtout \u00e0 nos enfants de profiter d&#8217;activit\u00e9s extra-scolaires et d\u2019am\u00e9liorer leur environnement au sein de l\u2019\u00e9cole, en organisant des manifestations tout au long de l\u2019ann\u00e9e afin de r\u00e9colter des fonds.<\/li>\n<li style=\"text-align: justify;\">Nous apportons notre soutien \u00e0 l\u2019\u00e9tablissement et contribuons \u00e0 son animation.<\/li>\n<\/ul>\n<p><a href=\"https:\/\/saintejeannedarc-lamarne.fr\/wp-content\/uploads\/2018\/02\/illu_rejoignez-nous.png\"><img loading=\"lazy\" decoding=\"async\" class=\"size-full wp-image-1601 aligncenter\" src=\"https:\/\/saintejeannedarc-lamarne.fr\/wp-content\/uploads\/2018\/02\/illu_rejoignez-nous.png\" alt=\"\" width=\"289\" height=\"193\" \/><\/a><\/p>\n<ul style=\"list-style-type: square;\">\n<li style=\"font-weight: 400;\"><span style=\"font-weight: 400;\">Vous avez envie vous aussi de contribuer \u00e0 l&#8217;\u00e9panouissement de vos enfants\u00a0<\/span><\/li>\n<li style=\"font-weight: 400;\"><span style=\"font-weight: 400;\">Vous avez envie de faire part de vos envies, vos id\u00e9es\u00a0<\/span><\/li>\n<li style=\"font-weight: 400;\"><span style=\"font-weight: 400;\">Vous avez un peu de temps\u00a0<\/span><\/li>\n<\/ul>\n<p><span style=\"font-weight: 400;\">Vous \u00eates fait pour nous rejoindre ! \ud83d\ude42\u00a0<\/span><\/p>\n<p><span style=\"font-weight: 400;\">Contactez-nous par mail\u00a0<\/span><a href=\"mailto:apel.ecole.lamarne@gmail.com\"><span style=\"font-weight: 400;\">apel.ecole.lamarne@gmail.com<\/span><\/a><span style=\"font-weight: 400;\"> ou aupr\u00e8s de membres de votre entourage.\u00a0<\/span><\/p>\n<p>Pour suivre nos activit\u00e9s, rejoignez-nous sur notre page facebook : <a href=\"https:\/\/www.facebook.com\/APEL.LaMarne\/\"><span style=\"color: #0000ff;\"><strong>https:\/\/www.facebook.com\/APEL.LaMarne\/\u00a0<\/strong><\/span><\/a><\/p>\n","protected":false},"excerpt":{"rendered":"<p>QUI ? Nous sommes une association de Parents d&#8217;\u00c9l\u00e8ve qui a vu le jour en 2007. Notre association compl\u00e8te les organisations d\u00e9j\u00e0 existantes (OGEC et l\u2019\u00e9cole elle-m\u00eame). &nbsp; QUOI ? Nous repr\u00e9sentons les familles au sein de l\u2019\u00e9cole. Nous pouvons assurer un lien avec l\u2019\u00e9cole. Nous permettons surtout \u00e0 nos enfants de profiter d&#8217;activit\u00e9s extra-scolaires<\/p>\n<p><a href=\"https:\/\/saintejeannedarc-lamarne.fr\/?page_id=1575\" class=\"more-link themebutton\">Lire la suite<\/a><\/p>\n","protected":false},"author":2,"featured_media":0,"parent":0,"menu_order":0,"comment_status":"closed","ping_status":"closed","template":"","meta":{"ngg_post_thumbnail":0,"footnotes":""},"_links":{"self":[{"href":"https:\/\/saintejeannedarc-lamarne.fr\/index.php?rest_route=\/wp\/v2\/pages\/1575"}],"collection":[{"href":"https:\/\/saintejeannedarc-lamarne.fr\/index.php?rest_route=\/wp\/v2\/pages"}],"about":[{"href":"https:\/\/saintejeannedarc-lamarne.fr\/index.php?rest_route=\/wp\/v2\/types\/page"}],"author":[{"embeddable":true,"href":"https:\/\/saintejeannedarc-lamarne.fr\/index.php?rest_route=\/wp\/v2\/users\/2"}],"replies":[{"embeddable":true,"href":"https:\/\/saintejeannedarc-lamarne.fr\/index.php?rest_route=%2Fwp%2Fv2%2Fcomments&post=1575"}],"version-history":[{"count":8,"href":"https:\/\/saintejeannedarc-lamarne.fr\/index.php?rest_route=\/wp\/v2\/pages\/1575\/revisions"}],"predecessor-version":[{"id":2375,"href":"https:\/\/saintejeannedarc-lamarne.fr\/index.php?rest_route=\/wp\/v2\/pages\/1575\/revisions\/2375"}],"wp:attachment":[{"href":"https:\/\/saintejeannedarc-lamarne.fr\/index.php?rest_route=%2Fwp%2Fv2%2Fmedia&parent=1575"}],"curies":[{"name":"wp","href":"https:\/\/api.w.org\/{rel}","templated":true}]}}